{"id":649,"date":"2017-10-04T04:07:35","date_gmt":"2017-10-04T04:07:35","guid":{"rendered":"https:\/\/websitedemos.net\/car-repair-elementor\/?page_id=649"},"modified":"2023-06-21T20:29:47","modified_gmt":"2023-06-21T20:29:47","slug":"stot-os","status":"publish","type":"page","link":"https:\/\/www.atomkraft-jatak.dk\/newsite\/stot-os\/","title":{"rendered":"St\u00f8t os"},"content":{"rendered":"\t\t<div data-elementor-type=\"wp-post\" data-elementor-id=\"649\" class=\"elementor elementor-649\" data-elementor-post-type=\"page\">\n\t\t\t\t\t\t<section class=\"elementor-section elementor-top-section elementor-element elementor-element-e28ef07 elementor-section-boxed elementor-section-height-default elementor-section-height-default\" data-id=\"e28ef07\" data-element_type=\"section\">\n\t\t\t\t\t\t<div class=\"elementor-container elementor-column-gap-default\">\n\t\t\t\t\t<div class=\"elementor-column elementor-col-100 elementor-top-column elementor-element elementor-element-e425d57\" data-id=\"e425d57\" data-element_type=\"column\">\n\t\t\t<div class=\"elementor-widget-wrap elementor-element-populated\">\n\t\t\t\t\t\t<div class=\"elementor-element elementor-element-863a2d9 elementor-widget elementor-widget-spacer\" data-id=\"863a2d9\" data-element_type=\"widget\" data-widget_type=\"spacer.default\">\n\t\t\t\t<div class=\"elementor-widget-container\">\n\t\t\t\t\t<div class=\"elementor-spacer\">\n\t\t\t<div class=\"elementor-spacer-inner\"><\/div>\n\t\t<\/div>\n\t\t\t\t<\/div>\n\t\t\t\t<\/div>\n\t\t\t\t\t<\/div>\n\t\t<\/div>\n\t\t\t\t\t<\/div>\n\t\t<\/section>\n\t\t\t\t<section class=\"elementor-section elementor-top-section elementor-element elementor-element-2a4c6b48 elementor-section-boxed elementor-section-height-default elementor-section-height-default\" data-id=\"2a4c6b48\" data-element_type=\"section\" data-settings=\"{&quot;background_background&quot;:&quot;classic&quot;}\">\n\t\t\t\t\t\t\t<div class=\"elementor-background-overlay\"><\/div>\n\t\t\t\t\t\t\t<div class=\"elementor-container elementor-column-gap-default\">\n\t\t\t\t\t<div class=\"elementor-column elementor-col-100 elementor-top-column elementor-element elementor-element-6de21ad5\" data-id=\"6de21ad5\" data-element_type=\"column\">\n\t\t\t<div class=\"elementor-widget-wrap elementor-element-populated\">\n\t\t\t\t\t\t<div class=\"elementor-element elementor-element-1581f236 elementor-widget elementor-widget-image-box\" data-id=\"1581f236\" data-element_type=\"widget\" data-widget_type=\"image-box.default\">\n\t\t\t\t<div class=\"elementor-widget-container\">\n\t\t\t<div class=\"elementor-image-box-wrapper\"><div class=\"elementor-image-box-content\"><h1 class=\"elementor-image-box-title\">St\u00f8t os!<\/h1><p class=\"elementor-image-box-description\">Vi er en frivilligdrevet foreningen, der prim\u00e6rt er \u00f8konomisk st\u00f8ttet af vores medlemmer. Derfor har vi brug for b\u00e5de penge, arbejdskraft og omtale for at styrke atomvennernes stemme i energidebatten. Du kan st\u00f8tte via medlemskab af foreningen og frivilligt arbejde. Likes p\u00e5 Facebook, promovering af vores hjemmeside og events er ogs\u00e5 meget v\u00e6rdsat. L\u00e6s om de forskellige st\u00f8ttemuligheder nedenfor: <\/p><\/div><\/div>\t\t<\/div>\n\t\t\t\t<\/div>\n\t\t\t\t\t<\/div>\n\t\t<\/div>\n\t\t\t\t\t<\/div>\n\t\t<\/section>\n\t\t\t\t<section class=\"elementor-section elementor-top-section elementor-element elementor-element-uo5qp3f elementor-section-boxed elementor-section-height-default elementor-section-height-default\" data-id=\"uo5qp3f\" data-element_type=\"section\">\n\t\t\t\t\t\t<div class=\"elementor-container elementor-column-gap-default\">\n\t\t\t\t\t<div class=\"elementor-column elementor-col-100 elementor-top-column elementor-element elementor-element-2q13gnq\" data-id=\"2q13gnq\" data-element_type=\"column\">\n\t\t\t<div class=\"elementor-widget-wrap elementor-element-populated\">\n\t\t\t\t\t\t<section class=\"elementor-section elementor-inner-section elementor-element elementor-element-fjoi76j elementor-section-boxed elementor-section-height-default elementor-section-height-default\" data-id=\"fjoi76j\" data-element_type=\"section\" data-settings=\"{&quot;background_background&quot;:&quot;classic&quot;}\">\n\t\t\t\t\t\t<div class=\"elementor-container elementor-column-gap-default\">\n\t\t\t\t\t<div class=\"elementor-column elementor-col-50 elementor-inner-column elementor-element elementor-element-enzirgo\" data-id=\"enzirgo\" data-element_type=\"column\" data-settings=\"{&quot;background_background&quot;:&quot;classic&quot;}\">\n\t\t\t<div class=\"elementor-widget-wrap elementor-element-populated\">\n\t\t\t\t\t\t<div class=\"elementor-element elementor-element-ee286e3 elementor-widget elementor-widget-heading\" data-id=\"ee286e3\" data-element_type=\"widget\" data-widget_type=\"heading.default\">\n\t\t\t\t<div class=\"elementor-widget-container\">\n\t\t\t<h3 class=\"elementor-heading-title elementor-size-default\">Bliv medlem<\/h3>\t\t<\/div>\n\t\t\t\t<\/div>\n\t\t\t\t<div class=\"elementor-element elementor-element-7508352 elementor-grid-1 elementor-grid-mobile-1 elementor-product-loop-item--align-left elementor-grid-tablet-1 elementor-product-loop-item--align-center elementor-product-loop-item--align-left elementor-products-grid elementor-wc-products elementor-widget elementor-widget-woocommerce-products\" data-id=\"7508352\" data-element_type=\"widget\" data-widget_type=\"woocommerce-products.default\">\n\t\t\t\t<div class=\"elementor-widget-container\">\n\t\t\t<div class=\"woocommerce columns-1 \"><ul class=\"products elementor-grid columns-1\">\n<li class=\"desktop-align-left tablet-align-left mobile-align-left product type-product post-3643 status-publish first instock product_cat-medlemskab product_tag-abonnoment product_tag-atomkraft product_tag-kernekraft product_tag-medlemsskab has-post-thumbnail virtual purchasable product-type-subscription\">\n\t<\/li>\n<\/ul>\n<\/div>\t\t<\/div>\n\t\t\t\t<\/div>\n\t\t\t\t<div class=\"elementor-element elementor-element-c0efe8e elementor-widget elementor-widget-text-editor\" data-id=\"c0efe8e\" data-element_type=\"widget\" data-widget_type=\"text-editor.default\">\n\t\t\t\t<div class=\"elementor-widget-container\">\n\t\t\t\t\t\t\t<p><strong>Hvad g\u00e5r mit medlemskab til?<br \/><\/strong>Dit medlemskab giver foreningen \u00f8konomisk styrke, s\u00e5vel som en st\u00e6rkere demokratisk stemme. Medlemsskabet er en abonnementsordning, hvilket betyder, at det automatisk fornyes hvert halve \u00e5r.<\/p><p><a style=\"font-size: 1 vw; background-color: #f5f5f5;\" href=\"https:\/\/www.atomkraft-jatak.dk\/newsite\/handelsbetingelser\/\">L\u00e6s handelsbetingelserne her.<\/a><\/p>\t\t\t\t\t\t<\/div>\n\t\t\t\t<\/div>\n\t\t\t\t\t<\/div>\n\t\t<\/div>\n\t\t\t\t<div class=\"elementor-column elementor-col-50 elementor-inner-column elementor-element elementor-element-5cde3cb\" data-id=\"5cde3cb\" data-element_type=\"column\">\n\t\t\t<div class=\"elementor-widget-wrap elementor-element-populated\">\n\t\t\t\t\t\t<div class=\"elementor-element elementor-element-b9e59a3 elementor-widget elementor-widget-heading\" data-id=\"b9e59a3\" data-element_type=\"widget\" data-widget_type=\"heading.default\">\n\t\t\t\t<div class=\"elementor-widget-container\">\n\t\t\t<h3 class=\"elementor-heading-title elementor-size-default\">Bliv frivillig<\/h3>\t\t<\/div>\n\t\t\t\t<\/div>\n\t\t\t\t<div class=\"elementor-element elementor-element-70b66e0 elementor-widget elementor-widget-shortcode\" data-id=\"70b66e0\" data-element_type=\"widget\" data-widget_type=\"shortcode.default\">\n\t\t\t\t<div class=\"elementor-widget-container\">\n\t\t\t\t\t<div class=\"elementor-shortcode\"><div class=\"wpforms-container \" id=\"wpforms-3206\"><form id=\"wpforms-form-3206\" class=\"wpforms-validate wpforms-form\" data-formid=\"3206\" method=\"post\" enctype=\"multipart\/form-data\" action=\"\/newsite\/wp-json\/wp\/v2\/pages\/649\" data-token=\"d1c4446f7a34ba34cd3a947b9a0dcfa3\" data-token-time=\"1778673209\"><noscript class=\"wpforms-error-noscript\">Please enable JavaScript in your browser to complete this form.<\/noscript><div class=\"wpforms-field-container\"><div id=\"wpforms-3206-field_0-container\" class=\"wpforms-field wpforms-field-name\" data-field-id=\"0\"><label class=\"wpforms-field-label wpforms-label-hide\" for=\"wpforms-3206-field_0\">Navn <span class=\"wpforms-required-label\">*<\/span><\/label><input type=\"text\" id=\"wpforms-3206-field_0\" class=\"wpforms-field-large wpforms-field-required\" name=\"wpforms[fields][0]\" placeholder=\"Navn\" required><\/div><div id=\"wpforms-3206-field_1-container\" class=\"wpforms-field wpforms-field-email\" data-field-id=\"1\"><label class=\"wpforms-field-label wpforms-label-hide\" for=\"wpforms-3206-field_1\">Email <span class=\"wpforms-required-label\">*<\/span><\/label><input type=\"email\" id=\"wpforms-3206-field_1\" class=\"wpforms-field-large wpforms-field-required\" name=\"wpforms[fields][1]\" placeholder=\"Email\" spellcheck=\"false\" required><\/div><div id=\"wpforms-3206-field_3-container\" class=\"wpforms-field wpforms-field-text\" data-field-id=\"3\"><label class=\"wpforms-field-label wpforms-label-hide\" for=\"wpforms-3206-field_3\">Telefonnummer <span class=\"wpforms-required-label\">*<\/span><\/label><input type=\"text\" id=\"wpforms-3206-field_3\" class=\"wpforms-field-large wpforms-field-required\" name=\"wpforms[fields][3]\" placeholder=\"Telefonnummer\" required><\/div><div id=\"wpforms-3206-field_2-container\" class=\"wpforms-field wpforms-field-textarea\" data-field-id=\"2\"><label class=\"wpforms-field-label wpforms-label-hide\" for=\"wpforms-3206-field_2\">Din kommentar <span class=\"wpforms-required-label\">*<\/span><\/label><textarea id=\"wpforms-3206-field_2\" class=\"wpforms-field-medium wpforms-field-required\" name=\"wpforms[fields][2]\" placeholder=\"Din kommentar\" required><\/textarea><\/div><\/div><!-- .wpforms-field-container --><div class=\"wpforms-submit-container\" ><input type=\"hidden\" name=\"wpforms[id]\" value=\"3206\"><input type=\"hidden\" name=\"page_title\" value=\"\"><input type=\"hidden\" name=\"page_url\" value=\"https:\/\/www.atomkraft-jatak.dk\/newsite\/wp-json\/wp\/v2\/pages\/649\"><button type=\"submit\" name=\"wpforms[submit]\" id=\"wpforms-submit-3206\" class=\"wpforms-submit\" data-alt-text=\"Sender...\" data-submit-text=\"Send\" aria-live=\"assertive\" value=\"wpforms-submit\">Send<\/button><\/div><\/form><\/div>  <!-- .wpforms-container -->\t<\/div>\n\t\t\t\t<\/div>\n\t\t\t\t<\/div>\n\t\t\t\t<div class=\"elementor-element elementor-element-266153e elementor-widget elementor-widget-text-editor\" data-id=\"266153e\" data-element_type=\"widget\" data-widget_type=\"text-editor.default\">\n\t\t\t\t<div class=\"elementor-widget-container\">\n\t\t\t\t\t\t\t<p><strong>Hvorfor v\u00e6re frivillig?<\/strong><br \/>Vores kernefamilie har brug for en bred palette af mennesker og talenter at formidle atomets potentiale til befolkningen.<br \/><u>Kontakt os endelig<\/u> hvis du t\u00e6nker du kan bidrage med noget \u2013 selv det mindste har v\u00e6rdi!<\/p><p><br \/>Tryk her for at l\u00e6se mere om at v\u00e6re frivillig.<\/p>\t\t\t\t\t\t<\/div>\n\t\t\t\t<\/div>\n\t\t\t\t\t<\/div>\n\t\t<\/div>\n\t\t\t\t\t<\/div>\n\t\t<\/section>\n\t\t\t\t\t<\/div>\n\t\t<\/div>\n\t\t\t\t\t<\/div>\n\t\t<\/section>\n\t\t\t\t<section class=\"elementor-section elementor-top-section elementor-element elementor-element-4490552 elementor-section-boxed elementor-section-height-default elementor-section-height-default\" data-id=\"4490552\" data-element_type=\"section\">\n\t\t\t\t\t\t<div class=\"elementor-container elementor-column-gap-default\">\n\t\t\t\t\t<div class=\"elementor-column elementor-col-100 elementor-top-column elementor-element elementor-element-24d980b\" data-id=\"24d980b\" data-element_type=\"column\">\n\t\t\t<div class=\"elementor-widget-wrap elementor-element-populated\">\n\t\t\t\t\t\t<section class=\"elementor-section elementor-inner-section elementor-element elementor-element-8c31ffd elementor-section-boxed elementor-section-height-default elementor-section-height-default\" data-id=\"8c31ffd\" data-element_type=\"section\" data-settings=\"{&quot;background_background&quot;:&quot;classic&quot;}\">\n\t\t\t\t\t\t<div class=\"elementor-container elementor-column-gap-default\">\n\t\t\t\t\t<div class=\"elementor-column elementor-col-100 elementor-inner-column elementor-element elementor-element-orf398t\" data-id=\"orf398t\" data-element_type=\"column\">\n\t\t\t<div class=\"elementor-widget-wrap elementor-element-populated\">\n\t\t\t\t\t\t<div class=\"elementor-element elementor-element-e5a8bf7 elementor-widget elementor-widget-heading\" data-id=\"e5a8bf7\" data-element_type=\"widget\" data-widget_type=\"heading.default\">\n\t\t\t\t<div class=\"elementor-widget-container\">\n\t\t\t<h2 class=\"elementor-heading-title elementor-size-default\">Kontakt os gerne:<\/h2>\t\t<\/div>\n\t\t\t\t<\/div>\n\t\t\t\t<div class=\"elementor-element elementor-element-0b59a7f elementor-widget elementor-widget-text-editor\" data-id=\"0b59a7f\" data-element_type=\"widget\" data-widget_type=\"text-editor.default\">\n\t\t\t\t<div class=\"elementor-widget-container\">\n\t\t\t\t\t\t\t<p>&#8211; Hvis du er journalist, meningsdanner eller politiker, og er nysgerrig p\u00e5 atomkraft.\u00a0<br \/>&#8211; Hvis du har lyst til at hj\u00e6lpe Foreningen Atomkraft Ja tak &#8211; i st\u00f8rre eller mindre omfang (Vi er en lille nystartet forening, som har brug for al den hj\u00e6lp, som vi kan f\u00e5!)<br \/>&#8211; Hvis du vil h\u00f8re mere om atomkraft generelt<\/p>\t\t\t\t\t\t<\/div>\n\t\t\t\t<\/div>\n\t\t\t\t<div class=\"elementor-element elementor-element-ias4s5b elementor-position-left elementor-vertical-align-top elementor-widget elementor-widget-image-box\" data-id=\"ias4s5b\" data-element_type=\"widget\" data-widget_type=\"image-box.default\">\n\t\t\t\t<div class=\"elementor-widget-container\">\n\t\t\t<div class=\"elementor-image-box-wrapper\"><figure class=\"elementor-image-box-img\"><img decoding=\"async\" width=\"63\" height=\"63\" src=\"https:\/\/www.atomkraft-jatak.dk\/newsite\/wp-content\/uploads\/2023\/03\/Address.png\" class=\"attachment-full size-full wp-image-23699\" alt=\"\" \/><\/figure><div class=\"elementor-image-box-content\"><h4 class=\"elementor-image-box-title\"><b>Adresse<\/b><\/h4><p class=\"elementor-image-box-description\">8000, Aarhus<\/p><\/div><\/div>\t\t<\/div>\n\t\t\t\t<\/div>\n\t\t\t\t<div class=\"elementor-element elementor-element-hcufura elementor-position-left elementor-vertical-align-top elementor-widget elementor-widget-image-box\" data-id=\"hcufura\" data-element_type=\"widget\" data-widget_type=\"image-box.default\">\n\t\t\t\t<div class=\"elementor-widget-container\">\n\t\t\t<div class=\"elementor-image-box-wrapper\"><figure class=\"elementor-image-box-img\"><img decoding=\"async\" width=\"63\" height=\"63\" src=\"https:\/\/www.atomkraft-jatak.dk\/newsite\/wp-content\/uploads\/2023\/03\/Email.png\" class=\"attachment-full size-full wp-image-23700\" alt=\"\" \/><\/figure><div class=\"elementor-image-box-content\"><h4 class=\"elementor-image-box-title\"><b>Email<\/b> <\/h4><p class=\"elementor-image-box-description\">kontakt@atomjatak.dk<\/p><\/div><\/div>\t\t<\/div>\n\t\t\t\t<\/div>\n\t\t\t\t\t<\/div>\n\t\t<\/div>\n\t\t\t\t\t<\/div>\n\t\t<\/section>\n\t\t\t\t\t<\/div>\n\t\t<\/div>\n\t\t\t\t\t<\/div>\n\t\t<\/section>\n\t\t\t\t<\/div>\n\t\t","protected":false},"excerpt":{"rendered":"<p>St\u00f8t os! Vi er en frivilligdrevet foreningen, der prim\u00e6rt er \u00f8konomisk st\u00f8ttet af vores medlemmer. Derfor har vi brug for b\u00e5de penge, arbejdskraft og omtale for at styrke atomvennernes stemme i energidebatten. Du kan st\u00f8tte via medlemskab af foreningen og frivilligt arbejde. Likes p\u00e5 Facebook, promovering af vores hjemmeside og events er ogs\u00e5 meget v\u00e6rdsat. &hellip;<\/p>\n<p class=\"read-more\"> <a class=\"\" href=\"https:\/\/www.atomkraft-jatak.dk\/newsite\/stot-os\/\"> <span class=\"screen-reader-text\">St\u00f8t os<\/span> L\u00e6s mere &raquo;<\/a><\/p>\n","protected":false},"author":1,"featured_media":3091,"parent":0,"menu_order":0,"comment_status":"closed","ping_status":"closed","template":"","meta":{"_uag_custom_page_level_css":"","site-sidebar-layout":"no-sidebar","site-content-layout":"page-builder","ast-global-header-display":"","ast-banner-title-visibility":"","ast-main-header-display":"","ast-hfb-above-header-display":"","ast-hfb-below-header-display":"","ast-hfb-mobile-header-display":"","site-post-title":"disabled","ast-breadcrumbs-content":"","ast-featured-img":"disabled","footer-sml-layout":"","theme-transparent-header-meta":"default","adv-header-id-meta":"","stick-header-meta":"","header-above-stick-meta":"","header-main-stick-meta":"","header-below-stick-meta":""},"yoast_head":"<!-- This site is optimized with the Yoast SEO plugin v20.10 - https:\/\/yoast.com\/wordpress\/plugins\/seo\/ -->\n<title>St\u00f8t os - Foreningen Atomkraft Ja Tak<\/title>\n<meta name=\"robots\" content=\"index, follow, max-snippet:-1, max-image-preview:large, max-video-preview:-1\" \/>\n<link rel=\"canonical\" href=\"https:\/\/www.atomkraft-jatak.dk\/newsite\/stot-os\/\" \/>\n<meta property=\"og:locale\" content=\"da_DK\" \/>\n<meta property=\"og:type\" content=\"article\" \/>\n<meta property=\"og:title\" content=\"St\u00f8t os - Foreningen Atomkraft Ja Tak\" \/>\n<meta property=\"og:description\" content=\"St\u00f8t os! Vi er en frivilligdrevet foreningen, der prim\u00e6rt er \u00f8konomisk st\u00f8ttet af vores medlemmer. Derfor har vi brug for b\u00e5de penge, arbejdskraft og omtale for at styrke atomvennernes stemme i energidebatten. Du kan st\u00f8tte via medlemskab af foreningen og frivilligt arbejde. Likes p\u00e5 Facebook, promovering af vores hjemmeside og events er ogs\u00e5 meget v\u00e6rdsat. &hellip; St\u00f8t os L\u00e6s mere &raquo;\" \/>\n<meta property=\"og:url\" content=\"https:\/\/www.atomkraft-jatak.dk\/newsite\/stot-os\/\" \/>\n<meta property=\"og:site_name\" content=\"Foreningen Atomkraft Ja Tak\" \/>\n<meta property=\"article:publisher\" content=\"https:\/\/www.facebook.com\/atomkraftjatak\/\" \/>\n<meta property=\"article:modified_time\" content=\"2023-06-21T20:29:47+00:00\" \/>\n<meta property=\"og:image\" content=\"https:\/\/www.atomkraft-jatak.dk\/newsite\/wp-content\/uploads\/2020\/08\/Facebook-thumbnail.png\" \/>\n\t<meta property=\"og:image:width\" content=\"1024\" \/>\n\t<meta property=\"og:image:height\" content=\"538\" \/>\n\t<meta property=\"og:image:type\" content=\"image\/png\" \/>\n<meta name=\"twitter:card\" content=\"summary_large_image\" \/>\n<script type=\"application\/ld+json\" class=\"yoast-schema-graph\">{\"@context\":\"https:\/\/schema.org\",\"@graph\":[{\"@type\":\"WebPage\",\"@id\":\"https:\/\/www.atomkraft-jatak.dk\/newsite\/stot-os\/\",\"url\":\"https:\/\/www.atomkraft-jatak.dk\/newsite\/stot-os\/\",\"name\":\"St\u00f8t os - Foreningen Atomkraft Ja Tak\",\"isPartOf\":{\"@id\":\"https:\/\/www.atomkraft-jatak.dk\/newsite\/#website\"},\"datePublished\":\"2017-10-04T04:07:35+00:00\",\"dateModified\":\"2023-06-21T20:29:47+00:00\",\"breadcrumb\":{\"@id\":\"https:\/\/www.atomkraft-jatak.dk\/newsite\/stot-os\/#breadcrumb\"},\"inLanguage\":\"da-DK\",\"potentialAction\":[{\"@type\":\"ReadAction\",\"target\":[\"https:\/\/www.atomkraft-jatak.dk\/newsite\/stot-os\/\"]}]},{\"@type\":\"BreadcrumbList\",\"@id\":\"https:\/\/www.atomkraft-jatak.dk\/newsite\/stot-os\/#breadcrumb\",\"itemListElement\":[{\"@type\":\"ListItem\",\"position\":1,\"name\":\"Home\",\"item\":\"https:\/\/www.atomkraft-jatak.dk\/newsite\/\"},{\"@type\":\"ListItem\",\"position\":2,\"name\":\"St\u00f8t os\"}]},{\"@type\":\"WebSite\",\"@id\":\"https:\/\/www.atomkraft-jatak.dk\/newsite\/#website\",\"url\":\"https:\/\/www.atomkraft-jatak.dk\/newsite\/\",\"name\":\"Foreningen Atomkraft Ja Tak\",\"description\":\"- Brug hjernen, split kernen\",\"publisher\":{\"@id\":\"https:\/\/www.atomkraft-jatak.dk\/newsite\/#organization\"},\"potentialAction\":[{\"@type\":\"SearchAction\",\"target\":{\"@type\":\"EntryPoint\",\"urlTemplate\":\"https:\/\/www.atomkraft-jatak.dk\/newsite\/?s={search_term_string}\"},\"query-input\":\"required name=search_term_string\"}],\"inLanguage\":\"da-DK\"},{\"@type\":\"Organization\",\"@id\":\"https:\/\/www.atomkraft-jatak.dk\/newsite\/#organization\",\"name\":\"Atomkraft Ja Tak\",\"url\":\"https:\/\/www.atomkraft-jatak.dk\/newsite\/\",\"logo\":{\"@type\":\"ImageObject\",\"inLanguage\":\"da-DK\",\"@id\":\"https:\/\/www.atomkraft-jatak.dk\/newsite\/#\/schema\/logo\/image\/\",\"url\":\"https:\/\/www.atomkraft-jatak.dk\/newsite\/wp-content\/uploads\/2021\/02\/logo-med-hjemmeside.png\",\"contentUrl\":\"https:\/\/www.atomkraft-jatak.dk\/newsite\/wp-content\/uploads\/2021\/02\/logo-med-hjemmeside.png\",\"width\":1452,\"height\":1470,\"caption\":\"Atomkraft Ja Tak\"},\"image\":{\"@id\":\"https:\/\/www.atomkraft-jatak.dk\/newsite\/#\/schema\/logo\/image\/\"},\"sameAs\":[\"https:\/\/www.facebook.com\/atomkraftjatak\/\"]}]}<\/script>\n<!-- \/ Yoast SEO plugin. -->","yoast_head_json":{"title":"St\u00f8t os - Foreningen Atomkraft Ja Tak","robots":{"index":"index","follow":"follow","max-snippet":"max-snippet:-1","max-image-preview":"max-image-preview:large","max-video-preview":"max-video-preview:-1"},"canonical":"https:\/\/www.atomkraft-jatak.dk\/newsite\/stot-os\/","og_locale":"da_DK","og_type":"article","og_title":"St\u00f8t os - Foreningen Atomkraft Ja Tak","og_description":"St\u00f8t os! Vi er en frivilligdrevet foreningen, der prim\u00e6rt er \u00f8konomisk st\u00f8ttet af vores medlemmer. Derfor har vi brug for b\u00e5de penge, arbejdskraft og omtale for at styrke atomvennernes stemme i energidebatten. Du kan st\u00f8tte via medlemskab af foreningen og frivilligt arbejde. Likes p\u00e5 Facebook, promovering af vores hjemmeside og events er ogs\u00e5 meget v\u00e6rdsat. &hellip; St\u00f8t os L\u00e6s mere &raquo;","og_url":"https:\/\/www.atomkraft-jatak.dk\/newsite\/stot-os\/","og_site_name":"Foreningen Atomkraft Ja Tak","article_publisher":"https:\/\/www.facebook.com\/atomkraftjatak\/","article_modified_time":"2023-06-21T20:29:47+00:00","og_image":[{"width":1024,"height":538,"url":"https:\/\/www.atomkraft-jatak.dk\/newsite\/wp-content\/uploads\/2020\/08\/Facebook-thumbnail.png","type":"image\/png"}],"twitter_card":"summary_large_image","schema":{"@context":"https:\/\/schema.org","@graph":[{"@type":"WebPage","@id":"https:\/\/www.atomkraft-jatak.dk\/newsite\/stot-os\/","url":"https:\/\/www.atomkraft-jatak.dk\/newsite\/stot-os\/","name":"St\u00f8t os - Foreningen Atomkraft Ja Tak","isPartOf":{"@id":"https:\/\/www.atomkraft-jatak.dk\/newsite\/#website"},"datePublished":"2017-10-04T04:07:35+00:00","dateModified":"2023-06-21T20:29:47+00:00","breadcrumb":{"@id":"https:\/\/www.atomkraft-jatak.dk\/newsite\/stot-os\/#breadcrumb"},"inLanguage":"da-DK","potentialAction":[{"@type":"ReadAction","target":["https:\/\/www.atomkraft-jatak.dk\/newsite\/stot-os\/"]}]},{"@type":"BreadcrumbList","@id":"https:\/\/www.atomkraft-jatak.dk\/newsite\/stot-os\/#breadcrumb","itemListElement":[{"@type":"ListItem","position":1,"name":"Home","item":"https:\/\/www.atomkraft-jatak.dk\/newsite\/"},{"@type":"ListItem","position":2,"name":"St\u00f8t os"}]},{"@type":"WebSite","@id":"https:\/\/www.atomkraft-jatak.dk\/newsite\/#website","url":"https:\/\/www.atomkraft-jatak.dk\/newsite\/","name":"Foreningen Atomkraft Ja Tak","description":"- Brug hjernen, split kernen","publisher":{"@id":"https:\/\/www.atomkraft-jatak.dk\/newsite\/#organization"},"potentialAction":[{"@type":"SearchAction","target":{"@type":"EntryPoint","urlTemplate":"https:\/\/www.atomkraft-jatak.dk\/newsite\/?s={search_term_string}"},"query-input":"required name=search_term_string"}],"inLanguage":"da-DK"},{"@type":"Organization","@id":"https:\/\/www.atomkraft-jatak.dk\/newsite\/#organization","name":"Atomkraft Ja Tak","url":"https:\/\/www.atomkraft-jatak.dk\/newsite\/","logo":{"@type":"ImageObject","inLanguage":"da-DK","@id":"https:\/\/www.atomkraft-jatak.dk\/newsite\/#\/schema\/logo\/image\/","url":"https:\/\/www.atomkraft-jatak.dk\/newsite\/wp-content\/uploads\/2021\/02\/logo-med-hjemmeside.png","contentUrl":"https:\/\/www.atomkraft-jatak.dk\/newsite\/wp-content\/uploads\/2021\/02\/logo-med-hjemmeside.png","width":1452,"height":1470,"caption":"Atomkraft Ja Tak"},"image":{"@id":"https:\/\/www.atomkraft-jatak.dk\/newsite\/#\/schema\/logo\/image\/"},"sameAs":["https:\/\/www.facebook.com\/atomkraftjatak\/"]}]}},"uagb_featured_image_src":{"full":["https:\/\/www.atomkraft-jatak.dk\/newsite\/wp-content\/uploads\/2020\/08\/Facebook-thumbnail.png",1024,538,false],"thumbnail":["https:\/\/www.atomkraft-jatak.dk\/newsite\/wp-content\/uploads\/2020\/08\/Facebook-thumbnail-150x150.png",150,150,true],"medium":["https:\/\/www.atomkraft-jatak.dk\/newsite\/wp-content\/uploads\/2020\/08\/Facebook-thumbnail-300x158.png",300,158,true],"medium_large":["https:\/\/www.atomkraft-jatak.dk\/newsite\/wp-content\/uploads\/2020\/08\/Facebook-thumbnail-768x403.png",768,403,true],"large":["https:\/\/www.atomkraft-jatak.dk\/newsite\/wp-content\/uploads\/2020\/08\/Facebook-thumbnail-1024x538.png",1024,538,true],"betterdocs-category-thumb":["https:\/\/www.atomkraft-jatak.dk\/newsite\/wp-content\/uploads\/2020\/08\/Facebook-thumbnail.png",360,189,false],"1536x1536":["https:\/\/www.atomkraft-jatak.dk\/newsite\/wp-content\/uploads\/2020\/08\/Facebook-thumbnail.png",1024,538,false],"2048x2048":["https:\/\/www.atomkraft-jatak.dk\/newsite\/wp-content\/uploads\/2020\/08\/Facebook-thumbnail.png",1024,538,false],"woocommerce_thumbnail":["https:\/\/www.atomkraft-jatak.dk\/newsite\/wp-content\/uploads\/2020\/08\/Facebook-thumbnail-300x300.png",300,300,true],"woocommerce_single":["https:\/\/www.atomkraft-jatak.dk\/newsite\/wp-content\/uploads\/2020\/08\/Facebook-thumbnail-600x315.png",600,315,true],"woocommerce_gallery_thumbnail":["https:\/\/www.atomkraft-jatak.dk\/newsite\/wp-content\/uploads\/2020\/08\/Facebook-thumbnail-100x100.png",100,100,true]},"uagb_author_info":{"display_name":"admin","author_link":"https:\/\/www.atomkraft-jatak.dk\/newsite\/author\/admin\/"},"uagb_comment_info":0,"uagb_excerpt":"St\u00f8t os! Vi er en frivilligdrevet foreningen, der prim\u00e6rt er \u00f8konomisk st\u00f8ttet af vores medlemmer. Derfor har vi brug for b\u00e5de penge, arbejdskraft og omtale for at styrke atomvennernes stemme i energidebatten. Du kan st\u00f8tte via medlemskab af foreningen og frivilligt arbejde. Likes p\u00e5 Facebook, promovering af vores hjemmeside og events er ogs\u00e5 meget v\u00e6rdsat.&hellip;","_links":{"self":[{"href":"https:\/\/www.atomkraft-jatak.dk\/newsite\/wp-json\/wp\/v2\/pages\/649"}],"collection":[{"href":"https:\/\/www.atomkraft-jatak.dk\/newsite\/wp-json\/wp\/v2\/pages"}],"about":[{"href":"https:\/\/www.atomkraft-jatak.dk\/newsite\/wp-json\/wp\/v2\/types\/page"}],"author":[{"embeddable":true,"href":"https:\/\/www.atomkraft-jatak.dk\/newsite\/wp-json\/wp\/v2\/users\/1"}],"replies":[{"embeddable":true,"href":"https:\/\/www.atomkraft-jatak.dk\/newsite\/wp-json\/wp\/v2\/comments?post=649"}],"version-history":[{"count":74,"href":"https:\/\/www.atomkraft-jatak.dk\/newsite\/wp-json\/wp\/v2\/pages\/649\/revisions"}],"predecessor-version":[{"id":27926,"href":"https:\/\/www.atomkraft-jatak.dk\/newsite\/wp-json\/wp\/v2\/pages\/649\/revisions\/27926"}],"wp:featuredmedia":[{"embeddable":true,"href":"https:\/\/www.atomkraft-jatak.dk\/newsite\/wp-json\/wp\/v2\/media\/3091"}],"wp:attachment":[{"href":"https:\/\/www.atomkraft-jatak.dk\/newsite\/wp-json\/wp\/v2\/media?parent=649"}],"curies":[{"name":"wp","href":"https:\/\/api.w.org\/{rel}","templated":true}]}}