{"id":3993,"date":"2020-09-21T17:02:57","date_gmt":"2020-09-21T17:02:57","guid":{"rendered":"https:\/\/www.atomkraft-jatak.dk\/newsite\/?page_id=3993"},"modified":"2023-05-21T10:40:16","modified_gmt":"2023-05-21T10:40:16","slug":"persondatapolitik","status":"publish","type":"page","link":"https:\/\/www.atomkraft-jatak.dk\/newsite\/persondatapolitik\/","title":{"rendered":"Persondatapolitik"},"content":{"rendered":"\t\t<div data-elementor-type=\"wp-page\" data-elementor-id=\"3993\" class=\"elementor elementor-3993\" data-elementor-post-type=\"page\">\n\t\t\t\t\t\t<section class=\"elementor-section elementor-top-section elementor-element elementor-element-51561dc elementor-section-full_width elementor-section-height-default elementor-section-height-default\" data-id=\"51561dc\" data-element_type=\"section\">\n\t\t\t\t\t\t<div class=\"elementor-container elementor-column-gap-default\">\n\t\t\t\t\t<div class=\"elementor-column elementor-col-100 elementor-top-column elementor-element elementor-element-874e3ae\" data-id=\"874e3ae\" data-element_type=\"column\">\n\t\t\t<div class=\"elementor-widget-wrap elementor-element-populated\">\n\t\t\t\t\t\t<div class=\"elementor-element elementor-element-c0688e2 elementor-widget elementor-widget-image-box\" data-id=\"c0688e2\" data-element_type=\"widget\" data-widget_type=\"image-box.default\">\n\t\t\t\t<div class=\"elementor-widget-container\">\n\t\t\t<div class=\"elementor-image-box-wrapper\"><div class=\"elementor-image-box-content\"><h1 class=\"elementor-image-box-title\">Vogn og kasse<\/h1><\/div><\/div>\t\t<\/div>\n\t\t\t\t<\/div>\n\t\t\t\t\t<\/div>\n\t\t<\/div>\n\t\t\t\t\t<\/div>\n\t\t<\/section>\n\t\t\t\t<section class=\"elementor-section elementor-top-section elementor-element elementor-element-1e30fe4 elementor-section-boxed elementor-section-height-default elementor-section-height-default\" data-id=\"1e30fe4\" data-element_type=\"section\" data-settings=\"{&quot;background_background&quot;:&quot;classic&quot;}\">\n\t\t\t\t\t\t<div class=\"elementor-container elementor-column-gap-default\">\n\t\t\t\t\t<div class=\"elementor-column elementor-col-100 elementor-top-column elementor-element elementor-element-aff9670\" data-id=\"aff9670\" data-element_type=\"column\">\n\t\t\t<div class=\"elementor-widget-wrap elementor-element-populated\">\n\t\t\t\t\t\t<div class=\"elementor-element elementor-element-ad171e3 elementor-widget elementor-widget-text-editor\" data-id=\"ad171e3\" data-element_type=\"widget\" data-widget_type=\"text-editor.default\">\n\t\t\t\t<div class=\"elementor-widget-container\">\n\t\t\t\t\t\t\t<p>\u00a0<\/p><h3>Persondatapolitik<\/h3><p>\u00a0<\/p><h4>Vi indhenter kun persondata i de tilf\u00e6lde, hvor dette skulle v\u00e6re relevant for os, og vi vil kun indhente persondata, hvis det er relevant for din aktivitet hos Foreningen Atomkraft Ja Tak.<\/h4><h4>Ved indsamling, behandling og anvendelse af dine persondata overholder vi altid alle relevante og g\u00e6ldende lovbestemmelser.<\/h4><h4>Vi vil kun opbevare dine persondata, s\u00e5 l\u00e6nge vi enten er p\u00e5lagt en juridisk forpligtelse hertil, eller s\u00e5 l\u00e6nge det er relevant for den hensigt, hvormed de blev indsamlet.<\/h4><h4>Oplysninger vi indsamler<\/h4><h4>Hvis du \u00f8nsker at k\u00f8be og modtage et produkt eller en ydelse fra os, har vi brug for at indsamle visse persondata for at kunne gennemf\u00f8re handlen og for at kunne tilbyde dig vores services. Vi bruger bl.a. cookies til at holde styr p\u00e5 indholdet i din indk\u00f8bskurv, mens du bruger vores webshop.<\/h4><h4>Vi kan indhente oplysninger som f.eks. navn, e-mailadresse, postadresse, leveringsadresse (hvis den varierer fra postadresse), telefonnummer og betalingsoplysninger.<\/h4><h4>Foreningen Atomkraft Ja Tak indsamler og behandler dine persondata, n\u00e5r du foretager dig f\u00f8lgende:<\/h4><ul><li><h4>&#8211; Bes\u00f8ger vores hjemmeside<\/h4><\/li><li><h4>&#8211; Gennemf\u00f8rer et k\u00f8b af vores produkter<\/h4><\/li><li><h4>&#8211; Sender os sp\u00f8rgsm\u00e5l, reklamationer eller feedback<\/h4><\/li><\/ul><h3>Den dataansvarlige<\/h3><div>\u00a0<\/div><h4>Den dataansvarlige for indsamling, behandling og anvendelse af dine personoplysninger p\u00e5 www.atomkraft-jatak.dk er Foreningen Atomkraft Ja Tak, Viborgvej 103C, 1. tv, 8210 Aarhus V.<\/h4><div>\u00a0<\/div><h3>Behandlingsgrundlag og form\u00e5l<\/h3><div>\u00a0<\/div><h4>Dine almindelige kontaktoplysninger som navn og adresse indhenter vi for at kunne levere det produkt eller den ydelse, som du har k\u00f8bt hos os. Din e-mailadresse indhenter vi for at kunne sende dig en ordrebekr\u00e6ftelse samt en leveringsbekr\u00e6ftelse.<\/h4><h4>N\u00e5r du betaler for dit produkt eller din ydelse indsamler vi dit navn, dine kortdata og IP-adresse. De oplysninger, der indsamles i forbindelse med betalingstransaktionen, anvendes og gemmes kun til betalingsafvikling og opfyldelse af den indg\u00e5ede aftale. Ved gennemf\u00f8relse af betalinger, vil nogle af dine data blive videregivet til Clearhous, inklusiv information der er n\u00f8dvendig for at gennemf\u00f8re eller underst\u00f8tte betalingen, s\u00e5som det totale k\u00f8bsbel\u00f8b og faktureringsinformation.<\/h4><h4>Hvis du ikke \u00f8nsker at opgive de persondata, som er p\u00e5kr\u00e6vet for at gennemf\u00f8re et k\u00f8b af et produkt, vil du desv\u00e6rre ikke have mulighed for at k\u00f8be produkter af os p\u00e5 vores hjemmeside.<\/h4><h4>Dine oplysninger (undtagen din e-mailadresse, hvis du har givet samtykke til behandling heraf med henblik p\u00e5 modtagelse af tilbud) vil blive slettet 5 \u00e5r efter du har modtaget din vare eller ydelse.<\/h4><div>\u00a0<\/div><h3>Andre modtagere af personoplysninger<\/h3><div>\u00a0<\/div><h4>Vi s\u00e6lger ikke dine persondata til tredjemand, og vi overf\u00f8rer ikke dine persondata til tredjelande.<\/h4><h4>Vi har vores hjemmeside hos Godaddy.com og betalingssystem gennem Clearhaus, som fungerer som vores databehandler. Alle persondata som du oplyser p\u00e5 vores hjemmeside vil blive opbevaret i Godaddy.com&#8217;s datacentre.<\/h4><h4>Vi bruger eksterne virksomheder som leverand\u00f8rer for at levere vores ydelser bedst muligt. Disse eksterne leverand\u00f8rer er databehandlere og behandler i visse tilf\u00e6lde personoplysninger i forbindelse med deres levering af ydelser til os. Vores databehandlere behandler kun personoplysninger efter vores instrukser og i overensstemmelse med lovgivningens krav til databehandlere.<\/h4><h4>Vi har indg\u00e5et databehandleraftaler med vores databehandlere, hvilket er vores og din garanti for, at de overholder g\u00e6ldende regler om beskyttelse af dine personoplysninger.<\/h4><div>\u00a0<\/div><h3>Dine rettigheder<\/h3><div>\u00a0<\/div><h4>Som den registrerede har du en r\u00e6kke rettigheder, som vi til enhver tid skal sikre opfyldelse af. Du har ret til at anmode os om f\u00f8lgende:<br \/>\u2022 At f\u00e5 adgang til og f\u00e5 \u00e6ndret dine persondata<br \/>\u2022 At f\u00e5 slettet persondata<\/h4><h4>Du har derudover ret til at protestere over behandlingen af dine personlige data, og du har ret til at indgive klage til en databeskyttelsesmyndighed.<\/h4><h4>\u00d8nsker du ikke l\u00e6ngere, at vi skal behandle dine personoplysninger, eller at vi skal begr\u00e6nse behandlingen af dine personoplysninger, kan du ogs\u00e5 sende os en anmodning herom til foreningenatomkraftjatak@gmail.com.<\/h4>\t\t\t\t\t\t<\/div>\n\t\t\t\t<\/div>\n\t\t\t\t\t<\/div>\n\t\t<\/div>\n\t\t\t\t\t<\/div>\n\t\t<\/section>\n\t\t\t\t<\/div>\n\t\t","protected":false},"excerpt":{"rendered":"<p>Vogn og kasse \u00a0 Persondatapolitik \u00a0 Vi indhenter kun persondata i de tilf\u00e6lde, hvor dette skulle v\u00e6re relevant for os, og vi vil kun indhente persondata, hvis det er relevant for din aktivitet hos Foreningen Atomkraft Ja Tak. Ved indsamling, behandling og anvendelse af dine persondata overholder vi altid alle relevante og g\u00e6ldende lovbestemmelser. Vi &hellip;<\/p>\n<p class=\"read-more\"> <a class=\"\" href=\"https:\/\/www.atomkraft-jatak.dk\/newsite\/persondatapolitik\/\"> <span class=\"screen-reader-text\">Persondatapolitik<\/span> L\u00e6s mere &raquo;<\/a><\/p>\n","protected":false},"author":2,"featured_media":0,"parent":0,"menu_order":0,"comment_status":"closed","ping_status":"closed","template":"elementor_header_footer","meta":{"_uag_custom_page_level_css":"","site-sidebar-layout":"no-sidebar","site-content-layout":"page-builder","ast-global-header-display":"","ast-banner-title-visibility":"","ast-main-header-display":"","ast-hfb-above-header-display":"","ast-hfb-below-header-display":"","ast-hfb-mobile-header-display":"","site-post-title":"disabled","ast-breadcrumbs-content":"","ast-featured-img":"disabled","footer-sml-layout":"","theme-transparent-header-meta":"default","adv-header-id-meta":"","stick-header-meta":"","header-above-stick-meta":"","header-main-stick-meta":"","header-below-stick-meta":""},"yoast_head":"<!-- This site is optimized with the Yoast SEO plugin v20.10 - https:\/\/yoast.com\/wordpress\/plugins\/seo\/ -->\n<title>Persondatapolitik - Foreningen Atomkraft Ja Tak<\/title>\n<meta name=\"robots\" content=\"index, follow, max-snippet:-1, max-image-preview:large, max-video-preview:-1\" \/>\n<link rel=\"canonical\" href=\"https:\/\/www.atomkraft-jatak.dk\/newsite\/persondatapolitik\/\" \/>\n<meta property=\"og:locale\" content=\"da_DK\" \/>\n<meta property=\"og:type\" content=\"article\" \/>\n<meta property=\"og:title\" content=\"Persondatapolitik - Foreningen Atomkraft Ja Tak\" \/>\n<meta property=\"og:description\" content=\"Vogn og kasse \u00a0 Persondatapolitik \u00a0 Vi indhenter kun persondata i de tilf\u00e6lde, hvor dette skulle v\u00e6re relevant for os, og vi vil kun indhente persondata, hvis det er relevant for din aktivitet hos Foreningen Atomkraft Ja Tak. Ved indsamling, behandling og anvendelse af dine persondata overholder vi altid alle relevante og g\u00e6ldende lovbestemmelser. Vi &hellip; Persondatapolitik L\u00e6s mere &raquo;\" \/>\n<meta property=\"og:url\" content=\"https:\/\/www.atomkraft-jatak.dk\/newsite\/persondatapolitik\/\" \/>\n<meta property=\"og:site_name\" content=\"Foreningen Atomkraft Ja Tak\" \/>\n<meta property=\"article:publisher\" content=\"https:\/\/www.facebook.com\/atomkraftjatak\/\" \/>\n<meta property=\"article:modified_time\" content=\"2023-05-21T10:40:16+00:00\" \/>\n<meta property=\"og:image\" content=\"https:\/\/www.atomkraft-jatak.dk\/newsite\/wp-content\/uploads\/2021\/09\/logo-med-hjemmeside-uden-baggrund.png\" \/>\n\t<meta property=\"og:image:width\" content=\"1452\" \/>\n\t<meta property=\"og:image:height\" content=\"1470\" \/>\n\t<meta property=\"og:image:type\" content=\"image\/png\" \/>\n<meta name=\"twitter:card\" content=\"summary_large_image\" \/>\n<meta name=\"twitter:label1\" content=\"Estimeret l\u00e6setid\" \/>\n\t<meta name=\"twitter:data1\" content=\"4 minutter\" \/>\n<script type=\"application\/ld+json\" class=\"yoast-schema-graph\">{\"@context\":\"https:\/\/schema.org\",\"@graph\":[{\"@type\":\"WebPage\",\"@id\":\"https:\/\/www.atomkraft-jatak.dk\/newsite\/persondatapolitik\/\",\"url\":\"https:\/\/www.atomkraft-jatak.dk\/newsite\/persondatapolitik\/\",\"name\":\"Persondatapolitik - Foreningen Atomkraft Ja Tak\",\"isPartOf\":{\"@id\":\"https:\/\/www.atomkraft-jatak.dk\/newsite\/#website\"},\"datePublished\":\"2020-09-21T17:02:57+00:00\",\"dateModified\":\"2023-05-21T10:40:16+00:00\",\"breadcrumb\":{\"@id\":\"https:\/\/www.atomkraft-jatak.dk\/newsite\/persondatapolitik\/#breadcrumb\"},\"inLanguage\":\"da-DK\",\"potentialAction\":[{\"@type\":\"ReadAction\",\"target\":[\"https:\/\/www.atomkraft-jatak.dk\/newsite\/persondatapolitik\/\"]}]},{\"@type\":\"BreadcrumbList\",\"@id\":\"https:\/\/www.atomkraft-jatak.dk\/newsite\/persondatapolitik\/#breadcrumb\",\"itemListElement\":[{\"@type\":\"ListItem\",\"position\":1,\"name\":\"Home\",\"item\":\"https:\/\/www.atomkraft-jatak.dk\/newsite\/\"},{\"@type\":\"ListItem\",\"position\":2,\"name\":\"Persondatapolitik\"}]},{\"@type\":\"WebSite\",\"@id\":\"https:\/\/www.atomkraft-jatak.dk\/newsite\/#website\",\"url\":\"https:\/\/www.atomkraft-jatak.dk\/newsite\/\",\"name\":\"Foreningen Atomkraft Ja Tak\",\"description\":\"- Brug hjernen, split kernen\",\"publisher\":{\"@id\":\"https:\/\/www.atomkraft-jatak.dk\/newsite\/#organization\"},\"potentialAction\":[{\"@type\":\"SearchAction\",\"target\":{\"@type\":\"EntryPoint\",\"urlTemplate\":\"https:\/\/www.atomkraft-jatak.dk\/newsite\/?s={search_term_string}\"},\"query-input\":\"required name=search_term_string\"}],\"inLanguage\":\"da-DK\"},{\"@type\":\"Organization\",\"@id\":\"https:\/\/www.atomkraft-jatak.dk\/newsite\/#organization\",\"name\":\"Atomkraft Ja Tak\",\"url\":\"https:\/\/www.atomkraft-jatak.dk\/newsite\/\",\"logo\":{\"@type\":\"ImageObject\",\"inLanguage\":\"da-DK\",\"@id\":\"https:\/\/www.atomkraft-jatak.dk\/newsite\/#\/schema\/logo\/image\/\",\"url\":\"https:\/\/www.atomkraft-jatak.dk\/newsite\/wp-content\/uploads\/2021\/02\/logo-med-hjemmeside.png\",\"contentUrl\":\"https:\/\/www.atomkraft-jatak.dk\/newsite\/wp-content\/uploads\/2021\/02\/logo-med-hjemmeside.png\",\"width\":1452,\"height\":1470,\"caption\":\"Atomkraft Ja Tak\"},\"image\":{\"@id\":\"https:\/\/www.atomkraft-jatak.dk\/newsite\/#\/schema\/logo\/image\/\"},\"sameAs\":[\"https:\/\/www.facebook.com\/atomkraftjatak\/\"]}]}<\/script>\n<!-- \/ Yoast SEO plugin. -->","yoast_head_json":{"title":"Persondatapolitik - Foreningen Atomkraft Ja Tak","robots":{"index":"index","follow":"follow","max-snippet":"max-snippet:-1","max-image-preview":"max-image-preview:large","max-video-preview":"max-video-preview:-1"},"canonical":"https:\/\/www.atomkraft-jatak.dk\/newsite\/persondatapolitik\/","og_locale":"da_DK","og_type":"article","og_title":"Persondatapolitik - Foreningen Atomkraft Ja Tak","og_description":"Vogn og kasse \u00a0 Persondatapolitik \u00a0 Vi indhenter kun persondata i de tilf\u00e6lde, hvor dette skulle v\u00e6re relevant for os, og vi vil kun indhente persondata, hvis det er relevant for din aktivitet hos Foreningen Atomkraft Ja Tak. Ved indsamling, behandling og anvendelse af dine persondata overholder vi altid alle relevante og g\u00e6ldende lovbestemmelser. Vi &hellip; Persondatapolitik L\u00e6s mere &raquo;","og_url":"https:\/\/www.atomkraft-jatak.dk\/newsite\/persondatapolitik\/","og_site_name":"Foreningen Atomkraft Ja Tak","article_publisher":"https:\/\/www.facebook.com\/atomkraftjatak\/","article_modified_time":"2023-05-21T10:40:16+00:00","og_image":[{"width":1452,"height":1470,"url":"https:\/\/www.atomkraft-jatak.dk\/newsite\/wp-content\/uploads\/2021\/09\/logo-med-hjemmeside-uden-baggrund.png","type":"image\/png"}],"twitter_card":"summary_large_image","twitter_misc":{"Estimeret l\u00e6setid":"4 minutter"},"schema":{"@context":"https:\/\/schema.org","@graph":[{"@type":"WebPage","@id":"https:\/\/www.atomkraft-jatak.dk\/newsite\/persondatapolitik\/","url":"https:\/\/www.atomkraft-jatak.dk\/newsite\/persondatapolitik\/","name":"Persondatapolitik - Foreningen Atomkraft Ja Tak","isPartOf":{"@id":"https:\/\/www.atomkraft-jatak.dk\/newsite\/#website"},"datePublished":"2020-09-21T17:02:57+00:00","dateModified":"2023-05-21T10:40:16+00:00","breadcrumb":{"@id":"https:\/\/www.atomkraft-jatak.dk\/newsite\/persondatapolitik\/#breadcrumb"},"inLanguage":"da-DK","potentialAction":[{"@type":"ReadAction","target":["https:\/\/www.atomkraft-jatak.dk\/newsite\/persondatapolitik\/"]}]},{"@type":"BreadcrumbList","@id":"https:\/\/www.atomkraft-jatak.dk\/newsite\/persondatapolitik\/#breadcrumb","itemListElement":[{"@type":"ListItem","position":1,"name":"Home","item":"https:\/\/www.atomkraft-jatak.dk\/newsite\/"},{"@type":"ListItem","position":2,"name":"Persondatapolitik"}]},{"@type":"WebSite","@id":"https:\/\/www.atomkraft-jatak.dk\/newsite\/#website","url":"https:\/\/www.atomkraft-jatak.dk\/newsite\/","name":"Foreningen Atomkraft Ja Tak","description":"- Brug hjernen, split kernen","publisher":{"@id":"https:\/\/www.atomkraft-jatak.dk\/newsite\/#organization"},"potentialAction":[{"@type":"SearchAction","target":{"@type":"EntryPoint","urlTemplate":"https:\/\/www.atomkraft-jatak.dk\/newsite\/?s={search_term_string}"},"query-input":"required name=search_term_string"}],"inLanguage":"da-DK"},{"@type":"Organization","@id":"https:\/\/www.atomkraft-jatak.dk\/newsite\/#organization","name":"Atomkraft Ja Tak","url":"https:\/\/www.atomkraft-jatak.dk\/newsite\/","logo":{"@type":"ImageObject","inLanguage":"da-DK","@id":"https:\/\/www.atomkraft-jatak.dk\/newsite\/#\/schema\/logo\/image\/","url":"https:\/\/www.atomkraft-jatak.dk\/newsite\/wp-content\/uploads\/2021\/02\/logo-med-hjemmeside.png","contentUrl":"https:\/\/www.atomkraft-jatak.dk\/newsite\/wp-content\/uploads\/2021\/02\/logo-med-hjemmeside.png","width":1452,"height":1470,"caption":"Atomkraft Ja Tak"},"image":{"@id":"https:\/\/www.atomkraft-jatak.dk\/newsite\/#\/schema\/logo\/image\/"},"sameAs":["https:\/\/www.facebook.com\/atomkraftjatak\/"]}]}},"uagb_featured_image_src":{"full":false,"thumbnail":false,"medium":false,"medium_large":false,"large":false,"betterdocs-category-thumb":false,"1536x1536":false,"2048x2048":false,"woocommerce_thumbnail":false,"woocommerce_single":false,"woocommerce_gallery_thumbnail":false},"uagb_author_info":{"display_name":"Fajt","author_link":"https:\/\/www.atomkraft-jatak.dk\/newsite\/author\/cto\/"},"uagb_comment_info":0,"uagb_excerpt":"Vogn og kasse \u00a0 Persondatapolitik \u00a0 Vi indhenter kun persondata i de tilf\u00e6lde, hvor dette skulle v\u00e6re relevant for os, og vi vil kun indhente persondata, hvis det er relevant for din aktivitet hos Foreningen Atomkraft Ja Tak. Ved indsamling, behandling og anvendelse af dine persondata overholder vi altid alle relevante og g\u00e6ldende lovbestemmelser. Vi&hellip;","_links":{"self":[{"href":"https:\/\/www.atomkraft-jatak.dk\/newsite\/wp-json\/wp\/v2\/pages\/3993"}],"collection":[{"href":"https:\/\/www.atomkraft-jatak.dk\/newsite\/wp-json\/wp\/v2\/pages"}],"about":[{"href":"https:\/\/www.atomkraft-jatak.dk\/newsite\/wp-json\/wp\/v2\/types\/page"}],"author":[{"embeddable":true,"href":"https:\/\/www.atomkraft-jatak.dk\/newsite\/wp-json\/wp\/v2\/users\/2"}],"replies":[{"embeddable":true,"href":"https:\/\/www.atomkraft-jatak.dk\/newsite\/wp-json\/wp\/v2\/comments?post=3993"}],"version-history":[{"count":30,"href":"https:\/\/www.atomkraft-jatak.dk\/newsite\/wp-json\/wp\/v2\/pages\/3993\/revisions"}],"predecessor-version":[{"id":26970,"href":"https:\/\/www.atomkraft-jatak.dk\/newsite\/wp-json\/wp\/v2\/pages\/3993\/revisions\/26970"}],"wp:attachment":[{"href":"https:\/\/www.atomkraft-jatak.dk\/newsite\/wp-json\/wp\/v2\/media?parent=3993"}],"curies":[{"name":"wp","href":"https:\/\/api.w.org\/{rel}","templated":true}]}}