{"id":3932,"date":"2020-09-14T21:33:26","date_gmt":"2020-09-14T21:33:26","guid":{"rendered":"https:\/\/www.atomkraft-jatak.dk\/newsite\/?page_id=3932"},"modified":"2023-05-21T10:27:57","modified_gmt":"2023-05-21T10:27:57","slug":"cookie-og-privatlivspolitik","status":"publish","type":"page","link":"https:\/\/www.atomkraft-jatak.dk\/newsite\/cookie-og-privatlivspolitik\/","title":{"rendered":"Cookie- og privatlivspolitik"},"content":{"rendered":"\t\t<div data-elementor-type=\"wp-page\" data-elementor-id=\"3932\" class=\"elementor elementor-3932\" data-elementor-post-type=\"page\">\n\t\t\t\t\t\t<section class=\"elementor-section elementor-top-section elementor-element elementor-element-621602a elementor-section-full_width elementor-section-height-default elementor-section-height-default\" data-id=\"621602a\" data-element_type=\"section\">\n\t\t\t\t\t\t<div class=\"elementor-container elementor-column-gap-default\">\n\t\t\t\t\t<div class=\"elementor-column elementor-col-100 elementor-top-column elementor-element elementor-element-2a07591\" data-id=\"2a07591\" data-element_type=\"column\">\n\t\t\t<div class=\"elementor-widget-wrap elementor-element-populated\">\n\t\t\t\t\t\t<div class=\"elementor-element elementor-element-d1b0cb3 elementor-widget elementor-widget-image-box\" data-id=\"d1b0cb3\" data-element_type=\"widget\" data-widget_type=\"image-box.default\">\n\t\t\t\t<div class=\"elementor-widget-container\">\n\t\t\t<div class=\"elementor-image-box-wrapper\"><div class=\"elementor-image-box-content\"><h1 class=\"elementor-image-box-title\">Cookie og privatlivspolitik<\/h1><\/div><\/div>\t\t<\/div>\n\t\t\t\t<\/div>\n\t\t\t\t\t<\/div>\n\t\t<\/div>\n\t\t\t\t\t<\/div>\n\t\t<\/section>\n\t\t\t\t<section class=\"elementor-section elementor-top-section elementor-element elementor-element-1095619 elementor-section-boxed elementor-section-height-default elementor-section-height-default\" data-id=\"1095619\" data-element_type=\"section\" data-settings=\"{&quot;background_background&quot;:&quot;classic&quot;}\">\n\t\t\t\t\t\t<div class=\"elementor-container elementor-column-gap-default\">\n\t\t\t\t\t<div class=\"elementor-column elementor-col-100 elementor-top-column elementor-element elementor-element-118580d\" data-id=\"118580d\" data-element_type=\"column\">\n\t\t\t<div class=\"elementor-widget-wrap elementor-element-populated\">\n\t\t\t\t\t\t<div class=\"elementor-element elementor-element-9ac9d73 elementor-widget elementor-widget-text-editor\" data-id=\"9ac9d73\" data-element_type=\"widget\" data-widget_type=\"text-editor.default\">\n\t\t\t\t<div class=\"elementor-widget-container\">\n\t\t\t\t\t\t\t<h3>&nbsp;<\/h3>\n<h3><strong>Introduktion<\/strong><\/h3>\n<h4>&nbsp;<\/h4>\n<h4>N\u00e5r du bes\u00f8ger vores website indsamles der oplysninger om dig, som bruges til at tilpasse og forbedre vores indhold og til at \u00f8ge v\u00e6rdien af de annoncer, der vises p\u00e5 siden. Hvis du ikke \u00f8nsker, at der indsamles oplysninger, b\u00f8r du slette dine cookies (se vejledning) og undlade videre brug af websitet. Nedenfor har vi uddybet, hvilke informationer, der indsamles, deres form\u00e5l og hvilke tredjeparter, der har adgang til dem.<\/h4>\n<h4>&nbsp;<\/h4>\n<h3><strong>Cookies<\/strong><\/h3>\n<h4>&nbsp;<\/h4>\n<h4>Websitet anvender \u201dcookies\u201d, der er en tekstfil, som gemmes p\u00e5 din computer, mobil el. tilsvarende med det form\u00e5l at genkende den, huske indstillinger, udf\u00f8re statistik og m\u00e5lrette annoncer. Cookies kan ikke indeholde skadelig kode som f.eks. virus.<\/h4>\n<h4>Det er muligt at slette eller blokere for cookies. Se vejledning: <a href=\"http:\/\/minecookies.org\/cookiehandtering\">https:\/\/www.minecookies.org\/cookiehandtering<\/a><\/h4>\n<h4>Hvis du sletter eller blokerer cookies, vil annoncer kunne blive mindre relevante for dig og optr\u00e6de hyppigere. Du kan desuden risikere at websitet ikke fungerer optimalt samt at der er indhold, du ikke kan f\u00e5 adgang til.<\/h4>\n<h4>Websitet indeholder cookies fra tredjeparter, der i varierende omfang kan omfatte:<\/h4>\n<h4><a href=\"https:\/\/www.electricitymap.org\">https:\/\/www.electricitymap.org<\/a><\/h4>\n<h4><a href=\"https:\/\/www.facebook.com\">https:\/\/www.facebook.com<\/a><\/h4>\n<h4><a href=\"https:\/\/www.twitter.com\">https:\/\/www.twitter.com<\/a><\/h4>\n<h4><a href=\"https:\/\/www.google.com\">https:\/\/www.google.com<\/a><\/h4>\n<h4>&nbsp;<\/h4>\n<h3><b>Personoplysninger<\/b><\/h3>\n<h4><b>&nbsp;<\/b><\/h4>\n<h5><b>Generelt<\/b><\/h5>\n<h4>Personoplysninger er alle slags informationer, der i et eller andet omfang kan henf\u00f8res til dig. N\u00e5r du benytter vores website, indsamler og behandler vi en r\u00e6kke s\u00e5danne informationer. Det sker f.eks. ved alm. tilgang af indhold, hvis du registrerer dig som medlem eller abonnent, \u00f8vrig brug af services eller foretager k\u00f8b via websitet.<\/h4>\n<h4>Vi indsamler og behandler typisk f\u00f8lgende typer af oplysninger: Et unikt ID og tekniske oplysninger om din computer, tablet eller mobiltelefon, dit IP-nummer, geografisk placering, samt hvilke sider du klikker p\u00e5 (interesser). I det omfang du selv giver eksplicit samtykke hertil og selv indtaster informationerne behandles desuden: Navn, telefonnummer, e-mail, adresse og betalingsoplysninger. Det vil typisk v\u00e6re i forbindelse med oprettelse ved k\u00f8b.<\/h4>\n<h3>&nbsp;<\/h3>\n<h5><b>Sikkerhed<\/b><\/h5>\n<h4>Vi har truffet tekniske og organisatoriske foranstaltninger mod, at dine oplysninger h\u00e6ndeligt eller ulovligt bliver slettet, offentliggjort, fortabt, forringet eller kommer til uvedkommendes kendskab, misbruges eller i \u00f8vrigt behandles i strid med lovgivningen. Websitet er i \u00f8vrigt SSL-krypteret (Secure Socket Layer), s\u00e5 alle dine oplysninger krypteres, s\u00e5 de ikke opsnappes af uvedkommende.<\/h4>\n<p><\/p>\n<h5><b>Form\u00e5l<\/b><\/h5>\n<h4>Oplysningerne bruges til at identificere dig som bruger og vise dig de annoncer, som vil have st\u00f8rst sandsynlighed for at v\u00e6re relevante for dig, at registrere dine k\u00f8b og betalinger, samt at kunne levere de services, du har efterspurgt, som f.eks. nyheder om nye artikler eller analyser. Herudover anvender vi oplysningerne til at optimere vores services og indhold.<\/h4>\n<div><br><\/div>\n<h5><b>Periode for opbevaring<\/b><\/h5>\n<h4>Oplysningerne opbevares i det tidsrum, der er tilladt i henhold til lovgivningen, og vi sletter dem, n\u00e5r de ikke l\u00e6ngere er n\u00f8dvendige. Perioden afh\u00e6nger af karakteren af oplysningen og baggrunden for opbevaring. Det er derfor ikke muligt at angive en generel tidsramme for, hvorn\u00e5r informationer slettes.<\/h4>\n<h5><br><p><\/p>\n<\/h5><h5><b>Videregivelse af oplysninger<\/b><\/h5>\n\n<h4>Data om din brug af websitet, hvilke annoncer, du modtager og evt. klikker p\u00e5, geografisk placering, k\u00f8n og alderssegment m.v. videregives til tredjeparter i det omfang disse oplysninger er kendt. Du kan se hvilke tredjeparter, der er tale om, i afsnittet om \u201dCookies\u201d ovenfor. Oplysningerne anvendes til m\u00e5lretning af annoncering.<\/h4>\n<h4>Vi benytter herudover en r\u00e6kke tredjeparter til opbevaring og behandling af data. Disse behandler udelukkende oplysninger p\u00e5 vores vegne og m\u00e5 ikke anvende dem til egne form\u00e5l.<\/h4>\n<h4>Videregivelse af personoplysninger som navn og e-mail m.v. vil kun ske, hvis du giver samtykke til det. Vi anvender kun databehandlere i EU eller i lande, der kan give dine oplysninger en tilstr\u00e6kkelig beskyttelse.<\/h4>\n<div><br><\/div>\n<h5><b>Indsigt og klager<\/b><\/h5>\n<h4>Du har ret til at f\u00e5 oplyst, hvilke personoplysninger, vi behandler om dig. Du kan desuden til enhver tid g\u00f8re indsigelse mod, at oplysninger anvendes. Du kan ogs\u00e5 tilbagekalde dit samtykke til, at der bliver behandlet oplysninger om dig. Hvis de oplysninger, der behandles om dig, er forkerte har du ret til at de bliver rettet eller slettet. Henvendelse herom kan ske til: kontakt@atomjatak.dk. Hvis du vil klage over vores behandling af dine personoplysninger, har du ogs\u00e5 mulighed for at kontakte Datatilsynet.<\/h4>\n<h4>Websitet ejes og publiceres af:<\/h4>\n<h4>Foreningen Atomkraft Ja Tak<\/h4>\n<h4>Skovgaardsgade 5c<\/h4>\n<h4>8000 Aarhus C<\/h4>\n<h4>Telefon: 28712952<\/h4>\n<h4>Email: kontakt@atomjatak.dk<\/h4>\t\t\t\t\t\t<\/div>\n\t\t\t\t<\/div>\n\t\t\t\t\t<\/div>\n\t\t<\/div>\n\t\t\t\t\t<\/div>\n\t\t<\/section>\n\t\t\t\t<\/div>\n\t\t","protected":false},"excerpt":{"rendered":"<p>Cookie og privatlivspolitik &nbsp; Introduktion &nbsp; N\u00e5r du bes\u00f8ger vores website indsamles der oplysninger om dig, som bruges til at tilpasse og forbedre vores indhold og til at \u00f8ge v\u00e6rdien af de annoncer, der vises p\u00e5 siden. Hvis du ikke \u00f8nsker, at der indsamles oplysninger, b\u00f8r du slette dine cookies (se vejledning) og undlade videre &hellip;<\/p>\n<p class=\"read-more\"> <a class=\"\" href=\"https:\/\/www.atomkraft-jatak.dk\/newsite\/cookie-og-privatlivspolitik\/\"> <span class=\"screen-reader-text\">Cookie- og privatlivspolitik<\/span> L\u00e6s mere &raquo;<\/a><\/p>\n","protected":false},"author":2,"featured_media":0,"parent":0,"menu_order":0,"comment_status":"closed","ping_status":"closed","template":"elementor_header_footer","meta":{"_uag_custom_page_level_css":"","site-sidebar-layout":"no-sidebar","site-content-layout":"page-builder","ast-global-header-display":"","ast-banner-title-visibility":"","ast-main-header-display":"","ast-hfb-above-header-display":"","ast-hfb-below-header-display":"","ast-hfb-mobile-header-display":"","site-post-title":"disabled","ast-breadcrumbs-content":"","ast-featured-img":"disabled","footer-sml-layout":"","theme-transparent-header-meta":"default","adv-header-id-meta":"","stick-header-meta":"","header-above-stick-meta":"","header-main-stick-meta":"","header-below-stick-meta":""},"yoast_head":"<!-- This site is optimized with the Yoast SEO plugin v20.10 - https:\/\/yoast.com\/wordpress\/plugins\/seo\/ -->\n<title>Cookie- og privatlivspolitik - Foreningen Atomkraft Ja Tak<\/title>\n<meta name=\"robots\" content=\"index, follow, max-snippet:-1, max-image-preview:large, max-video-preview:-1\" \/>\n<link rel=\"canonical\" href=\"https:\/\/www.atomkraft-jatak.dk\/newsite\/cookie-og-privatlivspolitik\/\" \/>\n<meta property=\"og:locale\" content=\"da_DK\" \/>\n<meta property=\"og:type\" content=\"article\" \/>\n<meta property=\"og:title\" content=\"Cookie- og privatlivspolitik - Foreningen Atomkraft Ja Tak\" \/>\n<meta property=\"og:description\" content=\"Cookie og privatlivspolitik &nbsp; Introduktion &nbsp; N\u00e5r du bes\u00f8ger vores website indsamles der oplysninger om dig, som bruges til at tilpasse og forbedre vores indhold og til at \u00f8ge v\u00e6rdien af de annoncer, der vises p\u00e5 siden. Hvis du ikke \u00f8nsker, at der indsamles oplysninger, b\u00f8r du slette dine cookies (se vejledning) og undlade videre &hellip; Cookie- og privatlivspolitik L\u00e6s mere &raquo;\" \/>\n<meta property=\"og:url\" content=\"https:\/\/www.atomkraft-jatak.dk\/newsite\/cookie-og-privatlivspolitik\/\" \/>\n<meta property=\"og:site_name\" content=\"Foreningen Atomkraft Ja Tak\" \/>\n<meta property=\"article:publisher\" content=\"https:\/\/www.facebook.com\/atomkraftjatak\/\" \/>\n<meta property=\"article:modified_time\" content=\"2023-05-21T10:27:57+00:00\" \/>\n<meta property=\"og:image\" content=\"https:\/\/www.atomkraft-jatak.dk\/newsite\/wp-content\/uploads\/2021\/09\/logo-med-hjemmeside-uden-baggrund.png\" \/>\n\t<meta property=\"og:image:width\" content=\"1452\" \/>\n\t<meta property=\"og:image:height\" content=\"1470\" \/>\n\t<meta property=\"og:image:type\" content=\"image\/png\" \/>\n<meta name=\"twitter:card\" content=\"summary_large_image\" \/>\n<meta name=\"twitter:label1\" content=\"Estimeret l\u00e6setid\" \/>\n\t<meta name=\"twitter:data1\" content=\"4 minutter\" \/>\n<script type=\"application\/ld+json\" class=\"yoast-schema-graph\">{\"@context\":\"https:\/\/schema.org\",\"@graph\":[{\"@type\":\"WebPage\",\"@id\":\"https:\/\/www.atomkraft-jatak.dk\/newsite\/cookie-og-privatlivspolitik\/\",\"url\":\"https:\/\/www.atomkraft-jatak.dk\/newsite\/cookie-og-privatlivspolitik\/\",\"name\":\"Cookie- og privatlivspolitik - Foreningen Atomkraft Ja Tak\",\"isPartOf\":{\"@id\":\"https:\/\/www.atomkraft-jatak.dk\/newsite\/#website\"},\"datePublished\":\"2020-09-14T21:33:26+00:00\",\"dateModified\":\"2023-05-21T10:27:57+00:00\",\"breadcrumb\":{\"@id\":\"https:\/\/www.atomkraft-jatak.dk\/newsite\/cookie-og-privatlivspolitik\/#breadcrumb\"},\"inLanguage\":\"da-DK\",\"potentialAction\":[{\"@type\":\"ReadAction\",\"target\":[\"https:\/\/www.atomkraft-jatak.dk\/newsite\/cookie-og-privatlivspolitik\/\"]}]},{\"@type\":\"BreadcrumbList\",\"@id\":\"https:\/\/www.atomkraft-jatak.dk\/newsite\/cookie-og-privatlivspolitik\/#breadcrumb\",\"itemListElement\":[{\"@type\":\"ListItem\",\"position\":1,\"name\":\"Home\",\"item\":\"https:\/\/www.atomkraft-jatak.dk\/newsite\/\"},{\"@type\":\"ListItem\",\"position\":2,\"name\":\"Cookie- og privatlivspolitik\"}]},{\"@type\":\"WebSite\",\"@id\":\"https:\/\/www.atomkraft-jatak.dk\/newsite\/#website\",\"url\":\"https:\/\/www.atomkraft-jatak.dk\/newsite\/\",\"name\":\"Foreningen Atomkraft Ja Tak\",\"description\":\"- Brug hjernen, split kernen\",\"publisher\":{\"@id\":\"https:\/\/www.atomkraft-jatak.dk\/newsite\/#organization\"},\"potentialAction\":[{\"@type\":\"SearchAction\",\"target\":{\"@type\":\"EntryPoint\",\"urlTemplate\":\"https:\/\/www.atomkraft-jatak.dk\/newsite\/?s={search_term_string}\"},\"query-input\":\"required name=search_term_string\"}],\"inLanguage\":\"da-DK\"},{\"@type\":\"Organization\",\"@id\":\"https:\/\/www.atomkraft-jatak.dk\/newsite\/#organization\",\"name\":\"Atomkraft Ja Tak\",\"url\":\"https:\/\/www.atomkraft-jatak.dk\/newsite\/\",\"logo\":{\"@type\":\"ImageObject\",\"inLanguage\":\"da-DK\",\"@id\":\"https:\/\/www.atomkraft-jatak.dk\/newsite\/#\/schema\/logo\/image\/\",\"url\":\"https:\/\/www.atomkraft-jatak.dk\/newsite\/wp-content\/uploads\/2021\/02\/logo-med-hjemmeside.png\",\"contentUrl\":\"https:\/\/www.atomkraft-jatak.dk\/newsite\/wp-content\/uploads\/2021\/02\/logo-med-hjemmeside.png\",\"width\":1452,\"height\":1470,\"caption\":\"Atomkraft Ja Tak\"},\"image\":{\"@id\":\"https:\/\/www.atomkraft-jatak.dk\/newsite\/#\/schema\/logo\/image\/\"},\"sameAs\":[\"https:\/\/www.facebook.com\/atomkraftjatak\/\"]}]}<\/script>\n<!-- \/ Yoast SEO plugin. -->","yoast_head_json":{"title":"Cookie- og privatlivspolitik - Foreningen Atomkraft Ja Tak","robots":{"index":"index","follow":"follow","max-snippet":"max-snippet:-1","max-image-preview":"max-image-preview:large","max-video-preview":"max-video-preview:-1"},"canonical":"https:\/\/www.atomkraft-jatak.dk\/newsite\/cookie-og-privatlivspolitik\/","og_locale":"da_DK","og_type":"article","og_title":"Cookie- og privatlivspolitik - Foreningen Atomkraft Ja Tak","og_description":"Cookie og privatlivspolitik &nbsp; Introduktion &nbsp; N\u00e5r du bes\u00f8ger vores website indsamles der oplysninger om dig, som bruges til at tilpasse og forbedre vores indhold og til at \u00f8ge v\u00e6rdien af de annoncer, der vises p\u00e5 siden. Hvis du ikke \u00f8nsker, at der indsamles oplysninger, b\u00f8r du slette dine cookies (se vejledning) og undlade videre &hellip; Cookie- og privatlivspolitik L\u00e6s mere &raquo;","og_url":"https:\/\/www.atomkraft-jatak.dk\/newsite\/cookie-og-privatlivspolitik\/","og_site_name":"Foreningen Atomkraft Ja Tak","article_publisher":"https:\/\/www.facebook.com\/atomkraftjatak\/","article_modified_time":"2023-05-21T10:27:57+00:00","og_image":[{"width":1452,"height":1470,"url":"https:\/\/www.atomkraft-jatak.dk\/newsite\/wp-content\/uploads\/2021\/09\/logo-med-hjemmeside-uden-baggrund.png","type":"image\/png"}],"twitter_card":"summary_large_image","twitter_misc":{"Estimeret l\u00e6setid":"4 minutter"},"schema":{"@context":"https:\/\/schema.org","@graph":[{"@type":"WebPage","@id":"https:\/\/www.atomkraft-jatak.dk\/newsite\/cookie-og-privatlivspolitik\/","url":"https:\/\/www.atomkraft-jatak.dk\/newsite\/cookie-og-privatlivspolitik\/","name":"Cookie- og privatlivspolitik - Foreningen Atomkraft Ja Tak","isPartOf":{"@id":"https:\/\/www.atomkraft-jatak.dk\/newsite\/#website"},"datePublished":"2020-09-14T21:33:26+00:00","dateModified":"2023-05-21T10:27:57+00:00","breadcrumb":{"@id":"https:\/\/www.atomkraft-jatak.dk\/newsite\/cookie-og-privatlivspolitik\/#breadcrumb"},"inLanguage":"da-DK","potentialAction":[{"@type":"ReadAction","target":["https:\/\/www.atomkraft-jatak.dk\/newsite\/cookie-og-privatlivspolitik\/"]}]},{"@type":"BreadcrumbList","@id":"https:\/\/www.atomkraft-jatak.dk\/newsite\/cookie-og-privatlivspolitik\/#breadcrumb","itemListElement":[{"@type":"ListItem","position":1,"name":"Home","item":"https:\/\/www.atomkraft-jatak.dk\/newsite\/"},{"@type":"ListItem","position":2,"name":"Cookie- og privatlivspolitik"}]},{"@type":"WebSite","@id":"https:\/\/www.atomkraft-jatak.dk\/newsite\/#website","url":"https:\/\/www.atomkraft-jatak.dk\/newsite\/","name":"Foreningen Atomkraft Ja Tak","description":"- Brug hjernen, split kernen","publisher":{"@id":"https:\/\/www.atomkraft-jatak.dk\/newsite\/#organization"},"potentialAction":[{"@type":"SearchAction","target":{"@type":"EntryPoint","urlTemplate":"https:\/\/www.atomkraft-jatak.dk\/newsite\/?s={search_term_string}"},"query-input":"required name=search_term_string"}],"inLanguage":"da-DK"},{"@type":"Organization","@id":"https:\/\/www.atomkraft-jatak.dk\/newsite\/#organization","name":"Atomkraft Ja Tak","url":"https:\/\/www.atomkraft-jatak.dk\/newsite\/","logo":{"@type":"ImageObject","inLanguage":"da-DK","@id":"https:\/\/www.atomkraft-jatak.dk\/newsite\/#\/schema\/logo\/image\/","url":"https:\/\/www.atomkraft-jatak.dk\/newsite\/wp-content\/uploads\/2021\/02\/logo-med-hjemmeside.png","contentUrl":"https:\/\/www.atomkraft-jatak.dk\/newsite\/wp-content\/uploads\/2021\/02\/logo-med-hjemmeside.png","width":1452,"height":1470,"caption":"Atomkraft Ja Tak"},"image":{"@id":"https:\/\/www.atomkraft-jatak.dk\/newsite\/#\/schema\/logo\/image\/"},"sameAs":["https:\/\/www.facebook.com\/atomkraftjatak\/"]}]}},"uagb_featured_image_src":{"full":false,"thumbnail":false,"medium":false,"medium_large":false,"large":false,"betterdocs-category-thumb":false,"1536x1536":false,"2048x2048":false,"woocommerce_thumbnail":false,"woocommerce_single":false,"woocommerce_gallery_thumbnail":false},"uagb_author_info":{"display_name":"Fajt","author_link":"https:\/\/www.atomkraft-jatak.dk\/newsite\/author\/cto\/"},"uagb_comment_info":0,"uagb_excerpt":"Cookie og privatlivspolitik &nbsp; Introduktion &nbsp; N\u00e5r du bes\u00f8ger vores website indsamles der oplysninger om dig, som bruges til at tilpasse og forbedre vores indhold og til at \u00f8ge v\u00e6rdien af de annoncer, der vises p\u00e5 siden. Hvis du ikke \u00f8nsker, at der indsamles oplysninger, b\u00f8r du slette dine cookies (se vejledning) og undlade videre&hellip;","_links":{"self":[{"href":"https:\/\/www.atomkraft-jatak.dk\/newsite\/wp-json\/wp\/v2\/pages\/3932"}],"collection":[{"href":"https:\/\/www.atomkraft-jatak.dk\/newsite\/wp-json\/wp\/v2\/pages"}],"about":[{"href":"https:\/\/www.atomkraft-jatak.dk\/newsite\/wp-json\/wp\/v2\/types\/page"}],"author":[{"embeddable":true,"href":"https:\/\/www.atomkraft-jatak.dk\/newsite\/wp-json\/wp\/v2\/users\/2"}],"replies":[{"embeddable":true,"href":"https:\/\/www.atomkraft-jatak.dk\/newsite\/wp-json\/wp\/v2\/comments?post=3932"}],"version-history":[{"count":33,"href":"https:\/\/www.atomkraft-jatak.dk\/newsite\/wp-json\/wp\/v2\/pages\/3932\/revisions"}],"predecessor-version":[{"id":26967,"href":"https:\/\/www.atomkraft-jatak.dk\/newsite\/wp-json\/wp\/v2\/pages\/3932\/revisions\/26967"}],"wp:attachment":[{"href":"https:\/\/www.atomkraft-jatak.dk\/newsite\/wp-json\/wp\/v2\/media?parent=3932"}],"curies":[{"name":"wp","href":"https:\/\/api.w.org\/{rel}","templated":true}]}}