{"id":27159,"date":"2023-05-29T14:56:53","date_gmt":"2023-05-29T14:56:53","guid":{"rendered":"https:\/\/www.atomkraft-jatak.dk\/newsite\/?page_id=27159"},"modified":"2023-06-04T18:49:55","modified_gmt":"2023-06-04T18:49:55","slug":"se-infosider","status":"publish","type":"page","link":"https:\/\/www.atomkraft-jatak.dk\/newsite\/se-infosider\/","title":{"rendered":"Se infosider"},"content":{"rendered":"\t\t<div data-elementor-type=\"wp-page\" data-elementor-id=\"27159\" class=\"elementor elementor-27159\" data-elementor-post-type=\"page\">\n\t\t\t\t\t\t<section class=\"elementor-section elementor-top-section elementor-element elementor-element-f8ff7dd elementor-section-full_width elementor-section-height-default elementor-section-height-default\" data-id=\"f8ff7dd\" data-element_type=\"section\">\n\t\t\t\t\t\t<div class=\"elementor-container elementor-column-gap-default\">\n\t\t\t\t\t<div class=\"elementor-column elementor-col-100 elementor-top-column elementor-element elementor-element-467d854\" data-id=\"467d854\" data-element_type=\"column\">\n\t\t\t<div class=\"elementor-widget-wrap elementor-element-populated\">\n\t\t\t\t\t\t<div class=\"elementor-element elementor-element-3792611 elementor-widget elementor-widget-image-box\" data-id=\"3792611\" data-element_type=\"widget\" data-widget_type=\"image-box.default\">\n\t\t\t\t<div class=\"elementor-widget-container\">\n\t\t\t<div class=\"elementor-image-box-wrapper\"><div class=\"elementor-image-box-content\"><h1 class=\"elementor-image-box-title\">Se infosider<\/h1><\/div><\/div>\t\t<\/div>\n\t\t\t\t<\/div>\n\t\t\t\t\t<\/div>\n\t\t<\/div>\n\t\t\t\t\t<\/div>\n\t\t<\/section>\n\t\t\t\t<section class=\"elementor-section elementor-top-section elementor-element elementor-element-05347b1 elementor-section-full_width elementor-section-height-default elementor-section-height-default\" data-id=\"05347b1\" data-element_type=\"section\" data-settings=\"{&quot;background_background&quot;:&quot;classic&quot;}\">\n\t\t\t\t\t\t<div class=\"elementor-container elementor-column-gap-default\">\n\t\t\t\t\t<div class=\"elementor-column elementor-col-33 elementor-top-column elementor-element elementor-element-51632ba\" data-id=\"51632ba\" data-element_type=\"column\">\n\t\t\t<div class=\"elementor-widget-wrap elementor-element-populated\">\n\t\t\t\t\t\t<div class=\"elementor-element elementor-element-ac02901 elementor-widget elementor-widget-image\" data-id=\"ac02901\" data-element_type=\"widget\" data-widget_type=\"image.default\">\n\t\t\t\t<div class=\"elementor-widget-container\">\n\t\t\t\t\t\t\t\t\t\t\t\t\t\t<a href=\"https:\/\/www.atomkraft-jatak.dk\/newsite\/wp-content\/uploads\/2023\/06\/Er-Danmark-et-groent-foregangsland.pdf\">\n\t\t\t\t\t\t\t<img decoding=\"async\" width=\"110\" height=\"300\" src=\"https:\/\/www.atomkraft-jatak.dk\/newsite\/wp-content\/uploads\/2023\/05\/Er-Danmark-et-groent-foregangsland-110x300.jpg\" class=\"attachment-medium size-medium wp-image-27181\" alt=\"\" srcset=\"https:\/\/www.atomkraft-jatak.dk\/newsite\/wp-content\/uploads\/2023\/05\/Er-Danmark-et-groent-foregangsland-110x300.jpg 110w, https:\/\/www.atomkraft-jatak.dk\/newsite\/wp-content\/uploads\/2023\/05\/Er-Danmark-et-groent-foregangsland-375x1024.jpg 375w, https:\/\/www.atomkraft-jatak.dk\/newsite\/wp-content\/uploads\/2023\/05\/Er-Danmark-et-groent-foregangsland-188x512.jpg 188w, https:\/\/www.atomkraft-jatak.dk\/newsite\/wp-content\/uploads\/2023\/05\/Er-Danmark-et-groent-foregangsland-563x1536.jpg 563w, https:\/\/www.atomkraft-jatak.dk\/newsite\/wp-content\/uploads\/2023\/05\/Er-Danmark-et-groent-foregangsland.jpg 586w\" sizes=\"(max-width: 110px) 100vw, 110px\" \/>\t\t\t\t\t\t\t\t<\/a>\n\t\t\t\t\t\t\t\t\t\t\t\t\t<\/div>\n\t\t\t\t<\/div>\n\t\t\t\t<div class=\"elementor-element elementor-element-af3d565 elementor-widget elementor-widget-heading\" data-id=\"af3d565\" data-element_type=\"widget\" data-widget_type=\"heading.default\">\n\t\t\t\t<div class=\"elementor-widget-container\">\n\t\t\t<h4 class=\"elementor-heading-title elementor-size-default\"><a href=\"https:\/\/www.atomkraft-jatak.dk\/newsite\/wp-content\/uploads\/2023\/06\/Er-Danmark-et-groent-foregangsland.pdf\">Er Danmark et gr\u00f8nt foregangsland?\n<\/a><\/h4>\t\t<\/div>\n\t\t\t\t<\/div>\n\t\t\t\t\t<\/div>\n\t\t<\/div>\n\t\t\t\t<div class=\"elementor-column elementor-col-33 elementor-top-column elementor-element elementor-element-be331d6\" data-id=\"be331d6\" data-element_type=\"column\">\n\t\t\t<div class=\"elementor-widget-wrap elementor-element-populated\">\n\t\t\t\t\t\t<div class=\"elementor-element elementor-element-77221a5 elementor-widget elementor-widget-image\" data-id=\"77221a5\" data-element_type=\"widget\" data-widget_type=\"image.default\">\n\t\t\t\t<div class=\"elementor-widget-container\">\n\t\t\t\t\t\t\t\t\t\t\t\t\t\t<a href=\"https:\/\/www.atomkraft-jatak.dk\/newsite\/wp-content\/uploads\/2023\/06\/Groen-energi-247.pdf\">\n\t\t\t\t\t\t\t<img decoding=\"async\" width=\"110\" height=\"300\" src=\"https:\/\/www.atomkraft-jatak.dk\/newsite\/wp-content\/uploads\/2023\/05\/Atomkraft-leverer-groen-energi-247-110x300.jpg\" class=\"attachment-medium size-medium wp-image-27179\" alt=\"\" srcset=\"https:\/\/www.atomkraft-jatak.dk\/newsite\/wp-content\/uploads\/2023\/05\/Atomkraft-leverer-groen-energi-247-110x300.jpg 110w, https:\/\/www.atomkraft-jatak.dk\/newsite\/wp-content\/uploads\/2023\/05\/Atomkraft-leverer-groen-energi-247-375x1024.jpg 375w, https:\/\/www.atomkraft-jatak.dk\/newsite\/wp-content\/uploads\/2023\/05\/Atomkraft-leverer-groen-energi-247-188x512.jpg 188w, https:\/\/www.atomkraft-jatak.dk\/newsite\/wp-content\/uploads\/2023\/05\/Atomkraft-leverer-groen-energi-247-563x1536.jpg 563w, https:\/\/www.atomkraft-jatak.dk\/newsite\/wp-content\/uploads\/2023\/05\/Atomkraft-leverer-groen-energi-247.jpg 586w\" sizes=\"(max-width: 110px) 100vw, 110px\" \/>\t\t\t\t\t\t\t\t<\/a>\n\t\t\t\t\t\t\t\t\t\t\t\t\t<\/div>\n\t\t\t\t<\/div>\n\t\t\t\t<div class=\"elementor-element elementor-element-515e9f3 elementor-widget elementor-widget-heading\" data-id=\"515e9f3\" data-element_type=\"widget\" data-widget_type=\"heading.default\">\n\t\t\t\t<div class=\"elementor-widget-container\">\n\t\t\t<h4 class=\"elementor-heading-title elementor-size-default\"><a href=\"https:\/\/www.atomkraft-jatak.dk\/newsite\/wp-content\/uploads\/2023\/06\/Groen-energi-247.pdf\">Gr\u00f8n energi 24\/7\n<\/a><\/h4>\t\t<\/div>\n\t\t\t\t<\/div>\n\t\t\t\t\t<\/div>\n\t\t<\/div>\n\t\t\t\t<div class=\"elementor-column elementor-col-33 elementor-top-column elementor-element elementor-element-9bc774a\" data-id=\"9bc774a\" data-element_type=\"column\">\n\t\t\t<div class=\"elementor-widget-wrap elementor-element-populated\">\n\t\t\t\t\t\t<div class=\"elementor-element elementor-element-2a91146 elementor-widget elementor-widget-image\" data-id=\"2a91146\" data-element_type=\"widget\" data-widget_type=\"image.default\">\n\t\t\t\t<div class=\"elementor-widget-container\">\n\t\t\t\t\t\t\t\t\t\t\t\t\t\t<a href=\"https:\/\/www.atomkraft-jatak.dk\/newsite\/wp-content\/uploads\/2023\/06\/Billigst-og-hurtigst-i-maal.pdf\">\n\t\t\t\t\t\t\t<img decoding=\"async\" width=\"110\" height=\"300\" src=\"https:\/\/www.atomkraft-jatak.dk\/newsite\/wp-content\/uploads\/2023\/05\/Billigst-og-hurtigst-i-maal-med-atomkraft-110x300.jpg\" class=\"attachment-medium size-medium wp-image-27180\" alt=\"\" srcset=\"https:\/\/www.atomkraft-jatak.dk\/newsite\/wp-content\/uploads\/2023\/05\/Billigst-og-hurtigst-i-maal-med-atomkraft-110x300.jpg 110w, https:\/\/www.atomkraft-jatak.dk\/newsite\/wp-content\/uploads\/2023\/05\/Billigst-og-hurtigst-i-maal-med-atomkraft-375x1024.jpg 375w, https:\/\/www.atomkraft-jatak.dk\/newsite\/wp-content\/uploads\/2023\/05\/Billigst-og-hurtigst-i-maal-med-atomkraft-188x512.jpg 188w, https:\/\/www.atomkraft-jatak.dk\/newsite\/wp-content\/uploads\/2023\/05\/Billigst-og-hurtigst-i-maal-med-atomkraft-563x1536.jpg 563w, https:\/\/www.atomkraft-jatak.dk\/newsite\/wp-content\/uploads\/2023\/05\/Billigst-og-hurtigst-i-maal-med-atomkraft.jpg 586w\" sizes=\"(max-width: 110px) 100vw, 110px\" \/>\t\t\t\t\t\t\t\t<\/a>\n\t\t\t\t\t\t\t\t\t\t\t\t\t<\/div>\n\t\t\t\t<\/div>\n\t\t\t\t<div class=\"elementor-element elementor-element-1c01975 elementor-widget elementor-widget-heading\" data-id=\"1c01975\" data-element_type=\"widget\" data-widget_type=\"heading.default\">\n\t\t\t\t<div class=\"elementor-widget-container\">\n\t\t\t<h4 class=\"elementor-heading-title elementor-size-default\"><a href=\"https:\/\/www.atomkraft-jatak.dk\/newsite\/wp-content\/uploads\/2023\/06\/Billigst-og-hurtigst-i-maal.pdf\">Billigst og hurtigst i m\u00e5l<\/a><\/h4>\t\t<\/div>\n\t\t\t\t<\/div>\n\t\t\t\t\t<\/div>\n\t\t<\/div>\n\t\t\t\t\t<\/div>\n\t\t<\/section>\n\t\t\t\t<section class=\"elementor-section elementor-top-section elementor-element elementor-element-f17f468 elementor-section-full_width elementor-section-height-default elementor-section-height-default\" data-id=\"f17f468\" data-element_type=\"section\" data-settings=\"{&quot;background_background&quot;:&quot;classic&quot;}\">\n\t\t\t\t\t\t<div class=\"elementor-container elementor-column-gap-default\">\n\t\t\t\t\t<div class=\"elementor-column elementor-col-33 elementor-top-column elementor-element elementor-element-4482834\" data-id=\"4482834\" data-element_type=\"column\">\n\t\t\t<div class=\"elementor-widget-wrap elementor-element-populated\">\n\t\t\t\t\t\t<div class=\"elementor-element elementor-element-b3e9340 elementor-widget elementor-widget-image\" data-id=\"b3e9340\" data-element_type=\"widget\" data-widget_type=\"image.default\">\n\t\t\t\t<div class=\"elementor-widget-container\">\n\t\t\t\t\t\t\t\t\t\t\t\t\t\t<a href=\"https:\/\/www.atomkraft-jatak.dk\/newsite\/wp-content\/uploads\/2023\/06\/Hvilke-energikilder-er-de-sikreste.pdf\">\n\t\t\t\t\t\t\t<img loading=\"lazy\" decoding=\"async\" width=\"110\" height=\"300\" src=\"https:\/\/www.atomkraft-jatak.dk\/newsite\/wp-content\/uploads\/2023\/05\/Hvilke-energikilder-er-de-sikreste-110x300.jpg\" class=\"attachment-medium size-medium wp-image-27184\" alt=\"\" srcset=\"https:\/\/www.atomkraft-jatak.dk\/newsite\/wp-content\/uploads\/2023\/05\/Hvilke-energikilder-er-de-sikreste-110x300.jpg 110w, https:\/\/www.atomkraft-jatak.dk\/newsite\/wp-content\/uploads\/2023\/05\/Hvilke-energikilder-er-de-sikreste-375x1024.jpg 375w, https:\/\/www.atomkraft-jatak.dk\/newsite\/wp-content\/uploads\/2023\/05\/Hvilke-energikilder-er-de-sikreste-188x512.jpg 188w, https:\/\/www.atomkraft-jatak.dk\/newsite\/wp-content\/uploads\/2023\/05\/Hvilke-energikilder-er-de-sikreste-563x1536.jpg 563w, https:\/\/www.atomkraft-jatak.dk\/newsite\/wp-content\/uploads\/2023\/05\/Hvilke-energikilder-er-de-sikreste.jpg 586w\" sizes=\"(max-width: 110px) 100vw, 110px\" \/>\t\t\t\t\t\t\t\t<\/a>\n\t\t\t\t\t\t\t\t\t\t\t\t\t<\/div>\n\t\t\t\t<\/div>\n\t\t\t\t<div class=\"elementor-element elementor-element-9d4732d elementor-widget elementor-widget-heading\" data-id=\"9d4732d\" data-element_type=\"widget\" data-widget_type=\"heading.default\">\n\t\t\t\t<div class=\"elementor-widget-container\">\n\t\t\t<h4 class=\"elementor-heading-title elementor-size-default\"><a href=\"https:\/\/www.atomkraft-jatak.dk\/newsite\/wp-content\/uploads\/2023\/06\/Hvilke-energikilder-er-de-sikreste.pdf\">Hvilke energikilder er de sikreste?\n<\/a><\/h4>\t\t<\/div>\n\t\t\t\t<\/div>\n\t\t\t\t\t<\/div>\n\t\t<\/div>\n\t\t\t\t<div class=\"elementor-column elementor-col-33 elementor-top-column elementor-element elementor-element-41ea48d\" data-id=\"41ea48d\" data-element_type=\"column\">\n\t\t\t<div class=\"elementor-widget-wrap elementor-element-populated\">\n\t\t\t\t\t\t<div class=\"elementor-element elementor-element-4b12692 elementor-widget elementor-widget-image\" data-id=\"4b12692\" data-element_type=\"widget\" data-widget_type=\"image.default\">\n\t\t\t\t<div class=\"elementor-widget-container\">\n\t\t\t\t\t\t\t\t\t\t\t\t\t\t<a href=\"https:\/\/www.atomkraft-jatak.dk\/newsite\/wp-content\/uploads\/2023\/06\/Styr-paa-restproduktet-del-1.pdf\">\n\t\t\t\t\t\t\t<img loading=\"lazy\" decoding=\"async\" width=\"110\" height=\"300\" src=\"https:\/\/www.atomkraft-jatak.dk\/newsite\/wp-content\/uploads\/2023\/05\/Helt-styr-paa-restproduktet-ved-atomkraft-del-1-110x300.jpg\" class=\"attachment-medium size-medium wp-image-27182\" alt=\"\" srcset=\"https:\/\/www.atomkraft-jatak.dk\/newsite\/wp-content\/uploads\/2023\/05\/Helt-styr-paa-restproduktet-ved-atomkraft-del-1-110x300.jpg 110w, https:\/\/www.atomkraft-jatak.dk\/newsite\/wp-content\/uploads\/2023\/05\/Helt-styr-paa-restproduktet-ved-atomkraft-del-1-375x1024.jpg 375w, https:\/\/www.atomkraft-jatak.dk\/newsite\/wp-content\/uploads\/2023\/05\/Helt-styr-paa-restproduktet-ved-atomkraft-del-1-188x512.jpg 188w, https:\/\/www.atomkraft-jatak.dk\/newsite\/wp-content\/uploads\/2023\/05\/Helt-styr-paa-restproduktet-ved-atomkraft-del-1-563x1536.jpg 563w, https:\/\/www.atomkraft-jatak.dk\/newsite\/wp-content\/uploads\/2023\/05\/Helt-styr-paa-restproduktet-ved-atomkraft-del-1.jpg 586w\" sizes=\"(max-width: 110px) 100vw, 110px\" \/>\t\t\t\t\t\t\t\t<\/a>\n\t\t\t\t\t\t\t\t\t\t\t\t\t<\/div>\n\t\t\t\t<\/div>\n\t\t\t\t<div class=\"elementor-element elementor-element-39732a6 elementor-widget elementor-widget-heading\" data-id=\"39732a6\" data-element_type=\"widget\" data-widget_type=\"heading.default\">\n\t\t\t\t<div class=\"elementor-widget-container\">\n\t\t\t<h4 class=\"elementor-heading-title elementor-size-default\"><a href=\"https:\/\/www.atomkraft-jatak.dk\/newsite\/wp-content\/uploads\/2023\/06\/Styr-paa-restproduktet-del-1.pdf\">Styr p\u00e5 restproduktet del 1\n<\/a><\/h4>\t\t<\/div>\n\t\t\t\t<\/div>\n\t\t\t\t\t<\/div>\n\t\t<\/div>\n\t\t\t\t<div class=\"elementor-column elementor-col-33 elementor-top-column elementor-element elementor-element-f3c2b10\" data-id=\"f3c2b10\" data-element_type=\"column\">\n\t\t\t<div class=\"elementor-widget-wrap elementor-element-populated\">\n\t\t\t\t\t\t<div class=\"elementor-element elementor-element-17926db elementor-widget elementor-widget-image\" data-id=\"17926db\" data-element_type=\"widget\" data-widget_type=\"image.default\">\n\t\t\t\t<div class=\"elementor-widget-container\">\n\t\t\t\t\t\t\t\t\t\t\t\t\t\t<a href=\"https:\/\/www.atomkraft-jatak.dk\/newsite\/wp-content\/uploads\/2023\/06\/Styr-paa-restproduktet-del-2.pdf\">\n\t\t\t\t\t\t\t<img loading=\"lazy\" decoding=\"async\" width=\"110\" height=\"300\" src=\"https:\/\/www.atomkraft-jatak.dk\/newsite\/wp-content\/uploads\/2023\/05\/Helt-styr-paa-restproduktet-ved-atomkraft-del-2-110x300.jpg\" class=\"attachment-medium size-medium wp-image-27183\" alt=\"\" srcset=\"https:\/\/www.atomkraft-jatak.dk\/newsite\/wp-content\/uploads\/2023\/05\/Helt-styr-paa-restproduktet-ved-atomkraft-del-2-110x300.jpg 110w, https:\/\/www.atomkraft-jatak.dk\/newsite\/wp-content\/uploads\/2023\/05\/Helt-styr-paa-restproduktet-ved-atomkraft-del-2-375x1024.jpg 375w, https:\/\/www.atomkraft-jatak.dk\/newsite\/wp-content\/uploads\/2023\/05\/Helt-styr-paa-restproduktet-ved-atomkraft-del-2-188x512.jpg 188w, https:\/\/www.atomkraft-jatak.dk\/newsite\/wp-content\/uploads\/2023\/05\/Helt-styr-paa-restproduktet-ved-atomkraft-del-2-563x1536.jpg 563w, https:\/\/www.atomkraft-jatak.dk\/newsite\/wp-content\/uploads\/2023\/05\/Helt-styr-paa-restproduktet-ved-atomkraft-del-2.jpg 586w\" sizes=\"(max-width: 110px) 100vw, 110px\" \/>\t\t\t\t\t\t\t\t<\/a>\n\t\t\t\t\t\t\t\t\t\t\t\t\t<\/div>\n\t\t\t\t<\/div>\n\t\t\t\t<div class=\"elementor-element elementor-element-842a9ec elementor-widget elementor-widget-heading\" data-id=\"842a9ec\" data-element_type=\"widget\" data-widget_type=\"heading.default\">\n\t\t\t\t<div class=\"elementor-widget-container\">\n\t\t\t<h4 class=\"elementor-heading-title elementor-size-default\"><a href=\"https:\/\/www.atomkraft-jatak.dk\/newsite\/wp-content\/uploads\/2023\/06\/Styr-paa-restproduktet-del-2.pdf\">Styr p\u00e5 restproduktet\u00a0del\u00a02<\/a><\/h4>\t\t<\/div>\n\t\t\t\t<\/div>\n\t\t\t\t\t<\/div>\n\t\t<\/div>\n\t\t\t\t\t<\/div>\n\t\t<\/section>\n\t\t\t\t<\/div>\n\t\t","protected":false},"excerpt":{"rendered":"<p>Se infosider Er Danmark et gr\u00f8nt foregangsland? Gr\u00f8n energi 24\/7 Billigst og hurtigst i m\u00e5l Hvilke energikilder er de sikreste? Styr p\u00e5 restproduktet del 1 Styr p\u00e5 restproduktet\u00a0del\u00a02<\/p>\n","protected":false},"author":1,"featured_media":0,"parent":0,"menu_order":0,"comment_status":"closed","ping_status":"closed","template":"elementor_header_footer","meta":{"_uag_custom_page_level_css":"","site-sidebar-layout":"no-sidebar","site-content-layout":"page-builder","ast-global-header-display":"","ast-banner-title-visibility":"","ast-main-header-display":"","ast-hfb-above-header-display":"","ast-hfb-below-header-display":"","ast-hfb-mobile-header-display":"","site-post-title":"disabled","ast-breadcrumbs-content":"","ast-featured-img":"disabled","footer-sml-layout":"","theme-transparent-header-meta":"","adv-header-id-meta":"","stick-header-meta":"","header-above-stick-meta":"","header-main-stick-meta":"","header-below-stick-meta":""},"yoast_head":"<!-- This site is optimized with the Yoast SEO plugin v20.10 - https:\/\/yoast.com\/wordpress\/plugins\/seo\/ -->\n<title>Se infosider - Foreningen Atomkraft Ja Tak<\/title>\n<meta name=\"robots\" content=\"index, follow, max-snippet:-1, max-image-preview:large, max-video-preview:-1\" \/>\n<link rel=\"canonical\" href=\"https:\/\/www.atomkraft-jatak.dk\/newsite\/se-infosider\/\" \/>\n<meta property=\"og:locale\" content=\"da_DK\" \/>\n<meta property=\"og:type\" content=\"article\" \/>\n<meta property=\"og:title\" content=\"Se infosider - Foreningen Atomkraft Ja Tak\" \/>\n<meta property=\"og:description\" content=\"Se infosider Er Danmark et gr\u00f8nt foregangsland? Gr\u00f8n energi 24\/7 Billigst og hurtigst i m\u00e5l Hvilke energikilder er de sikreste? Styr p\u00e5 restproduktet del 1 Styr p\u00e5 restproduktet\u00a0del\u00a02\" \/>\n<meta property=\"og:url\" content=\"https:\/\/www.atomkraft-jatak.dk\/newsite\/se-infosider\/\" \/>\n<meta property=\"og:site_name\" content=\"Foreningen Atomkraft Ja Tak\" \/>\n<meta property=\"article:publisher\" content=\"https:\/\/www.facebook.com\/atomkraftjatak\/\" \/>\n<meta property=\"article:modified_time\" content=\"2023-06-04T18:49:55+00:00\" \/>\n<meta property=\"og:image\" content=\"https:\/\/www.atomkraft-jatak.dk\/newsite\/wp-content\/uploads\/2023\/05\/Er-Danmark-et-groent-foregangsland-110x300.jpg\" \/>\n<meta name=\"twitter:card\" content=\"summary_large_image\" \/>\n<meta name=\"twitter:label1\" content=\"Estimeret l\u00e6setid\" \/>\n\t<meta name=\"twitter:data1\" content=\"2 minutter\" \/>\n<script type=\"application\/ld+json\" class=\"yoast-schema-graph\">{\"@context\":\"https:\/\/schema.org\",\"@graph\":[{\"@type\":\"WebPage\",\"@id\":\"https:\/\/www.atomkraft-jatak.dk\/newsite\/se-infosider\/\",\"url\":\"https:\/\/www.atomkraft-jatak.dk\/newsite\/se-infosider\/\",\"name\":\"Se infosider - Foreningen Atomkraft Ja Tak\",\"isPartOf\":{\"@id\":\"https:\/\/www.atomkraft-jatak.dk\/newsite\/#website\"},\"datePublished\":\"2023-05-29T14:56:53+00:00\",\"dateModified\":\"2023-06-04T18:49:55+00:00\",\"breadcrumb\":{\"@id\":\"https:\/\/www.atomkraft-jatak.dk\/newsite\/se-infosider\/#breadcrumb\"},\"inLanguage\":\"da-DK\",\"potentialAction\":[{\"@type\":\"ReadAction\",\"target\":[\"https:\/\/www.atomkraft-jatak.dk\/newsite\/se-infosider\/\"]}]},{\"@type\":\"BreadcrumbList\",\"@id\":\"https:\/\/www.atomkraft-jatak.dk\/newsite\/se-infosider\/#breadcrumb\",\"itemListElement\":[{\"@type\":\"ListItem\",\"position\":1,\"name\":\"Home\",\"item\":\"https:\/\/www.atomkraft-jatak.dk\/newsite\/\"},{\"@type\":\"ListItem\",\"position\":2,\"name\":\"Se infosider\"}]},{\"@type\":\"WebSite\",\"@id\":\"https:\/\/www.atomkraft-jatak.dk\/newsite\/#website\",\"url\":\"https:\/\/www.atomkraft-jatak.dk\/newsite\/\",\"name\":\"Foreningen Atomkraft Ja Tak\",\"description\":\"- Brug hjernen, split kernen\",\"publisher\":{\"@id\":\"https:\/\/www.atomkraft-jatak.dk\/newsite\/#organization\"},\"potentialAction\":[{\"@type\":\"SearchAction\",\"target\":{\"@type\":\"EntryPoint\",\"urlTemplate\":\"https:\/\/www.atomkraft-jatak.dk\/newsite\/?s={search_term_string}\"},\"query-input\":\"required name=search_term_string\"}],\"inLanguage\":\"da-DK\"},{\"@type\":\"Organization\",\"@id\":\"https:\/\/www.atomkraft-jatak.dk\/newsite\/#organization\",\"name\":\"Atomkraft Ja Tak\",\"url\":\"https:\/\/www.atomkraft-jatak.dk\/newsite\/\",\"logo\":{\"@type\":\"ImageObject\",\"inLanguage\":\"da-DK\",\"@id\":\"https:\/\/www.atomkraft-jatak.dk\/newsite\/#\/schema\/logo\/image\/\",\"url\":\"https:\/\/www.atomkraft-jatak.dk\/newsite\/wp-content\/uploads\/2021\/02\/logo-med-hjemmeside.png\",\"contentUrl\":\"https:\/\/www.atomkraft-jatak.dk\/newsite\/wp-content\/uploads\/2021\/02\/logo-med-hjemmeside.png\",\"width\":1452,\"height\":1470,\"caption\":\"Atomkraft Ja Tak\"},\"image\":{\"@id\":\"https:\/\/www.atomkraft-jatak.dk\/newsite\/#\/schema\/logo\/image\/\"},\"sameAs\":[\"https:\/\/www.facebook.com\/atomkraftjatak\/\"]}]}<\/script>\n<!-- \/ Yoast SEO plugin. -->","yoast_head_json":{"title":"Se infosider - Foreningen Atomkraft Ja Tak","robots":{"index":"index","follow":"follow","max-snippet":"max-snippet:-1","max-image-preview":"max-image-preview:large","max-video-preview":"max-video-preview:-1"},"canonical":"https:\/\/www.atomkraft-jatak.dk\/newsite\/se-infosider\/","og_locale":"da_DK","og_type":"article","og_title":"Se infosider - Foreningen Atomkraft Ja Tak","og_description":"Se infosider Er Danmark et gr\u00f8nt foregangsland? Gr\u00f8n energi 24\/7 Billigst og hurtigst i m\u00e5l Hvilke energikilder er de sikreste? Styr p\u00e5 restproduktet del 1 Styr p\u00e5 restproduktet\u00a0del\u00a02","og_url":"https:\/\/www.atomkraft-jatak.dk\/newsite\/se-infosider\/","og_site_name":"Foreningen Atomkraft Ja Tak","article_publisher":"https:\/\/www.facebook.com\/atomkraftjatak\/","article_modified_time":"2023-06-04T18:49:55+00:00","og_image":[{"url":"https:\/\/www.atomkraft-jatak.dk\/newsite\/wp-content\/uploads\/2023\/05\/Er-Danmark-et-groent-foregangsland-110x300.jpg"}],"twitter_card":"summary_large_image","twitter_misc":{"Estimeret l\u00e6setid":"2 minutter"},"schema":{"@context":"https:\/\/schema.org","@graph":[{"@type":"WebPage","@id":"https:\/\/www.atomkraft-jatak.dk\/newsite\/se-infosider\/","url":"https:\/\/www.atomkraft-jatak.dk\/newsite\/se-infosider\/","name":"Se infosider - Foreningen Atomkraft Ja Tak","isPartOf":{"@id":"https:\/\/www.atomkraft-jatak.dk\/newsite\/#website"},"datePublished":"2023-05-29T14:56:53+00:00","dateModified":"2023-06-04T18:49:55+00:00","breadcrumb":{"@id":"https:\/\/www.atomkraft-jatak.dk\/newsite\/se-infosider\/#breadcrumb"},"inLanguage":"da-DK","potentialAction":[{"@type":"ReadAction","target":["https:\/\/www.atomkraft-jatak.dk\/newsite\/se-infosider\/"]}]},{"@type":"BreadcrumbList","@id":"https:\/\/www.atomkraft-jatak.dk\/newsite\/se-infosider\/#breadcrumb","itemListElement":[{"@type":"ListItem","position":1,"name":"Home","item":"https:\/\/www.atomkraft-jatak.dk\/newsite\/"},{"@type":"ListItem","position":2,"name":"Se infosider"}]},{"@type":"WebSite","@id":"https:\/\/www.atomkraft-jatak.dk\/newsite\/#website","url":"https:\/\/www.atomkraft-jatak.dk\/newsite\/","name":"Foreningen Atomkraft Ja Tak","description":"- Brug hjernen, split kernen","publisher":{"@id":"https:\/\/www.atomkraft-jatak.dk\/newsite\/#organization"},"potentialAction":[{"@type":"SearchAction","target":{"@type":"EntryPoint","urlTemplate":"https:\/\/www.atomkraft-jatak.dk\/newsite\/?s={search_term_string}"},"query-input":"required name=search_term_string"}],"inLanguage":"da-DK"},{"@type":"Organization","@id":"https:\/\/www.atomkraft-jatak.dk\/newsite\/#organization","name":"Atomkraft Ja Tak","url":"https:\/\/www.atomkraft-jatak.dk\/newsite\/","logo":{"@type":"ImageObject","inLanguage":"da-DK","@id":"https:\/\/www.atomkraft-jatak.dk\/newsite\/#\/schema\/logo\/image\/","url":"https:\/\/www.atomkraft-jatak.dk\/newsite\/wp-content\/uploads\/2021\/02\/logo-med-hjemmeside.png","contentUrl":"https:\/\/www.atomkraft-jatak.dk\/newsite\/wp-content\/uploads\/2021\/02\/logo-med-hjemmeside.png","width":1452,"height":1470,"caption":"Atomkraft Ja Tak"},"image":{"@id":"https:\/\/www.atomkraft-jatak.dk\/newsite\/#\/schema\/logo\/image\/"},"sameAs":["https:\/\/www.facebook.com\/atomkraftjatak\/"]}]}},"uagb_featured_image_src":{"full":false,"thumbnail":false,"medium":false,"medium_large":false,"large":false,"betterdocs-category-thumb":false,"1536x1536":false,"2048x2048":false,"woocommerce_thumbnail":false,"woocommerce_single":false,"woocommerce_gallery_thumbnail":false},"uagb_author_info":{"display_name":"admin","author_link":"https:\/\/www.atomkraft-jatak.dk\/newsite\/author\/admin\/"},"uagb_comment_info":0,"uagb_excerpt":"Se infosider Er Danmark et gr\u00f8nt foregangsland? Gr\u00f8n energi 24\/7 Billigst og hurtigst i m\u00e5l Hvilke energikilder er de sikreste? Styr p\u00e5 restproduktet del 1 Styr p\u00e5 restproduktet\u00a0del\u00a02","_links":{"self":[{"href":"https:\/\/www.atomkraft-jatak.dk\/newsite\/wp-json\/wp\/v2\/pages\/27159"}],"collection":[{"href":"https:\/\/www.atomkraft-jatak.dk\/newsite\/wp-json\/wp\/v2\/pages"}],"about":[{"href":"https:\/\/www.atomkraft-jatak.dk\/newsite\/wp-json\/wp\/v2\/types\/page"}],"author":[{"embeddable":true,"href":"https:\/\/www.atomkraft-jatak.dk\/newsite\/wp-json\/wp\/v2\/users\/1"}],"replies":[{"embeddable":true,"href":"https:\/\/www.atomkraft-jatak.dk\/newsite\/wp-json\/wp\/v2\/comments?post=27159"}],"version-history":[{"count":37,"href":"https:\/\/www.atomkraft-jatak.dk\/newsite\/wp-json\/wp\/v2\/pages\/27159\/revisions"}],"predecessor-version":[{"id":27466,"href":"https:\/\/www.atomkraft-jatak.dk\/newsite\/wp-json\/wp\/v2\/pages\/27159\/revisions\/27466"}],"wp:attachment":[{"href":"https:\/\/www.atomkraft-jatak.dk\/newsite\/wp-json\/wp\/v2\/media?parent=27159"}],"curies":[{"name":"wp","href":"https:\/\/api.w.org\/{rel}","templated":true}]}}