{"id":11235,"date":"2021-09-22T11:34:32","date_gmt":"2021-09-22T11:34:32","guid":{"rendered":"https:\/\/www.atomkraft-jatak.dk\/newsite\/?page_id=11235"},"modified":"2023-05-06T15:05:29","modified_gmt":"2023-05-06T15:05:29","slug":"powerpoint","status":"publish","type":"page","link":"https:\/\/www.atomkraft-jatak.dk\/newsite\/powerpoint\/","title":{"rendered":"Powerpoint"},"content":{"rendered":"\t\t<div data-elementor-type=\"wp-page\" data-elementor-id=\"11235\" class=\"elementor elementor-11235\" data-elementor-post-type=\"page\">\n\t\t\t\t\t\t<section class=\"elementor-section elementor-top-section elementor-element elementor-element-19b7e84 elementor-section-boxed elementor-section-height-default elementor-section-height-default\" data-id=\"19b7e84\" data-element_type=\"section\">\n\t\t\t\t\t\t<div class=\"elementor-container elementor-column-gap-default\">\n\t\t\t\t\t<div class=\"elementor-column elementor-col-100 elementor-top-column elementor-element elementor-element-2241b3e\" data-id=\"2241b3e\" data-element_type=\"column\">\n\t\t\t<div class=\"elementor-widget-wrap elementor-element-populated\">\n\t\t\t\t\t\t<div class=\"elementor-element elementor-element-fe912c0 elementor-widget elementor-widget-spacer\" data-id=\"fe912c0\" data-element_type=\"widget\" data-widget_type=\"spacer.default\">\n\t\t\t\t<div class=\"elementor-widget-container\">\n\t\t\t\t\t<div class=\"elementor-spacer\">\n\t\t\t<div class=\"elementor-spacer-inner\"><\/div>\n\t\t<\/div>\n\t\t\t\t<\/div>\n\t\t\t\t<\/div>\n\t\t\t\t\t<\/div>\n\t\t<\/div>\n\t\t\t\t\t<\/div>\n\t\t<\/section>\n\t\t\t\t<section class=\"elementor-section elementor-top-section elementor-element elementor-element-3a43bf5 elementor-section-boxed elementor-section-height-default elementor-section-height-default\" data-id=\"3a43bf5\" data-element_type=\"section\">\n\t\t\t\t\t\t<div class=\"elementor-container elementor-column-gap-default\">\n\t\t\t\t\t<div class=\"elementor-column elementor-col-100 elementor-top-column elementor-element elementor-element-147f50c\" data-id=\"147f50c\" data-element_type=\"column\">\n\t\t\t<div class=\"elementor-widget-wrap elementor-element-populated\">\n\t\t\t\t\t\t<div class=\"elementor-element elementor-element-0c10684 elementor-widget elementor-widget-heading\" data-id=\"0c10684\" data-element_type=\"widget\" data-widget_type=\"heading.default\">\n\t\t\t\t<div class=\"elementor-widget-container\">\n\t\t\t<h1 class=\"elementor-heading-title elementor-size-xxl\">PowerPoint pr\u00e6sentation<\/h1>\t\t<\/div>\n\t\t\t\t<\/div>\n\t\t\t\t<div class=\"elementor-element elementor-element-d0bc079 elementor-widget elementor-widget-heading\" data-id=\"d0bc079\" data-element_type=\"widget\" data-widget_type=\"heading.default\">\n\t\t\t\t<div class=\"elementor-widget-container\">\n\t\t\t<h5 class=\"elementor-heading-title elementor-size-default\">Foreningen Atomkraft Ja Taks officielle PowerPoint pr\u00e6sentation. Ved brug af PowerPointen til opl\u00e6g bedes foreningen kontaktes p\u00e5: kontakt@atomjatak.dk. Enkelte databilleder m\u00e5 gerne deles.<\/h5>\t\t<\/div>\n\t\t\t\t<\/div>\n\t\t\t\t<div class=\"elementor-element elementor-element-ec1ea76 elementor-widget elementor-widget-shortcode\" data-id=\"ec1ea76\" data-element_type=\"widget\" data-widget_type=\"shortcode.default\">\n\t\t\t\t<div class=\"elementor-widget-container\">\n\t\t\t\t\t<div class=\"elementor-shortcode\"><div class=\"_df_book df-lite\" id=\"df_25314\"  _slug=\"foreningen-atomkraft\" data-title=\"foreningen-atomkraft\" wpoptions=\"true\" thumb=\"https:\/\/www.atomkraft-jatak.dk\/newsite\/wp-content\/uploads\/2023\/05\/Slide2.jpg\" thumbtype=\"\" ><\/div><script class=\"df-shortcode-script\" type=\"application\/javascript\">window.option_df_25314 = {\"webgl\":\"false\",\"outline\":[],\"autoEnableOutline\":\"false\",\"autoEnableThumbnail\":\"false\",\"overwritePDFOutline\":\"false\",\"direction\":\"1\",\"pageSize\":\"1\",\"pageMode\":\"1\",\"singlePageMode\":\"1\",\"soundEnable\":\"false\",\"source\":\"https:\\\/\\\/www.atomkraft-jatak.dk\\\/newsite\\\/wp-content\\\/uploads\\\/2023\\\/05\\\/Oplaeg-om-atomkraft-2023-2.pdf\",\"wpOptions\":\"true\"}; if(window.DFLIP && window.DFLIP.parseBooks){window.DFLIP.parseBooks();}<\/script><\/div>\n\t\t\t\t<\/div>\n\t\t\t\t<\/div>\n\t\t\t\t\t<\/div>\n\t\t<\/div>\n\t\t\t\t\t<\/div>\n\t\t<\/section>\n\t\t\t\t<\/div>\n\t\t","protected":false},"excerpt":{"rendered":"<p>PowerPoint pr\u00e6sentation Foreningen Atomkraft Ja Taks officielle PowerPoint pr\u00e6sentation. Ved brug af PowerPointen til opl\u00e6g bedes foreningen kontaktes p\u00e5: kontakt@atomjatak.dk. Enkelte databilleder m\u00e5 gerne deles.<\/p>\n","protected":false},"author":2,"featured_media":10750,"parent":0,"menu_order":0,"comment_status":"closed","ping_status":"closed","template":"","meta":{"_uag_custom_page_level_css":"","site-sidebar-layout":"no-sidebar","site-content-layout":"page-builder","ast-global-header-display":"","ast-banner-title-visibility":"","ast-main-header-display":"","ast-hfb-above-header-display":"","ast-hfb-below-header-display":"","ast-hfb-mobile-header-display":"","site-post-title":"disabled","ast-breadcrumbs-content":"","ast-featured-img":"disabled","footer-sml-layout":"","theme-transparent-header-meta":"default","adv-header-id-meta":"","stick-header-meta":"","header-above-stick-meta":"","header-main-stick-meta":"","header-below-stick-meta":""},"yoast_head":"<!-- This site is optimized with the Yoast SEO plugin v20.10 - https:\/\/yoast.com\/wordpress\/plugins\/seo\/ -->\n<title>Powerpoint - Foreningen Atomkraft Ja Tak<\/title>\n<meta name=\"robots\" content=\"index, follow, max-snippet:-1, max-image-preview:large, max-video-preview:-1\" \/>\n<link rel=\"canonical\" href=\"https:\/\/www.atomkraft-jatak.dk\/newsite\/powerpoint\/\" \/>\n<meta property=\"og:locale\" content=\"da_DK\" \/>\n<meta property=\"og:type\" content=\"article\" \/>\n<meta property=\"og:title\" content=\"Powerpoint - Foreningen Atomkraft Ja Tak\" \/>\n<meta property=\"og:description\" content=\"PowerPoint pr\u00e6sentation Foreningen Atomkraft Ja Taks officielle PowerPoint pr\u00e6sentation. Ved brug af PowerPointen til opl\u00e6g bedes foreningen kontaktes p\u00e5: kontakt@atomjatak.dk. Enkelte databilleder m\u00e5 gerne deles.\" \/>\n<meta property=\"og:url\" content=\"https:\/\/www.atomkraft-jatak.dk\/newsite\/powerpoint\/\" \/>\n<meta property=\"og:site_name\" content=\"Foreningen Atomkraft Ja Tak\" \/>\n<meta property=\"article:publisher\" content=\"https:\/\/www.facebook.com\/atomkraftjatak\/\" \/>\n<meta property=\"article:modified_time\" content=\"2023-05-06T15:05:29+00:00\" \/>\n<meta property=\"og:image\" content=\"https:\/\/www.atomkraft-jatak.dk\/newsite\/wp-content\/uploads\/2021\/09\/logo-med-hjemmeside-uden-baggrund.png\" \/>\n\t<meta property=\"og:image:width\" content=\"1452\" \/>\n\t<meta property=\"og:image:height\" content=\"1470\" \/>\n\t<meta property=\"og:image:type\" content=\"image\/png\" \/>\n<meta name=\"twitter:card\" content=\"summary_large_image\" \/>\n<meta name=\"twitter:label1\" content=\"Estimeret l\u00e6setid\" \/>\n\t<meta name=\"twitter:data1\" content=\"1 minut\" \/>\n<script type=\"application\/ld+json\" class=\"yoast-schema-graph\">{\"@context\":\"https:\/\/schema.org\",\"@graph\":[{\"@type\":\"WebPage\",\"@id\":\"https:\/\/www.atomkraft-jatak.dk\/newsite\/powerpoint\/\",\"url\":\"https:\/\/www.atomkraft-jatak.dk\/newsite\/powerpoint\/\",\"name\":\"Powerpoint - Foreningen Atomkraft Ja Tak\",\"isPartOf\":{\"@id\":\"https:\/\/www.atomkraft-jatak.dk\/newsite\/#website\"},\"datePublished\":\"2021-09-22T11:34:32+00:00\",\"dateModified\":\"2023-05-06T15:05:29+00:00\",\"breadcrumb\":{\"@id\":\"https:\/\/www.atomkraft-jatak.dk\/newsite\/powerpoint\/#breadcrumb\"},\"inLanguage\":\"da-DK\",\"potentialAction\":[{\"@type\":\"ReadAction\",\"target\":[\"https:\/\/www.atomkraft-jatak.dk\/newsite\/powerpoint\/\"]}]},{\"@type\":\"BreadcrumbList\",\"@id\":\"https:\/\/www.atomkraft-jatak.dk\/newsite\/powerpoint\/#breadcrumb\",\"itemListElement\":[{\"@type\":\"ListItem\",\"position\":1,\"name\":\"Home\",\"item\":\"https:\/\/www.atomkraft-jatak.dk\/newsite\/\"},{\"@type\":\"ListItem\",\"position\":2,\"name\":\"Powerpoint\"}]},{\"@type\":\"WebSite\",\"@id\":\"https:\/\/www.atomkraft-jatak.dk\/newsite\/#website\",\"url\":\"https:\/\/www.atomkraft-jatak.dk\/newsite\/\",\"name\":\"Foreningen Atomkraft Ja Tak\",\"description\":\"- Brug hjernen, split kernen\",\"publisher\":{\"@id\":\"https:\/\/www.atomkraft-jatak.dk\/newsite\/#organization\"},\"potentialAction\":[{\"@type\":\"SearchAction\",\"target\":{\"@type\":\"EntryPoint\",\"urlTemplate\":\"https:\/\/www.atomkraft-jatak.dk\/newsite\/?s={search_term_string}\"},\"query-input\":\"required name=search_term_string\"}],\"inLanguage\":\"da-DK\"},{\"@type\":\"Organization\",\"@id\":\"https:\/\/www.atomkraft-jatak.dk\/newsite\/#organization\",\"name\":\"Atomkraft Ja Tak\",\"url\":\"https:\/\/www.atomkraft-jatak.dk\/newsite\/\",\"logo\":{\"@type\":\"ImageObject\",\"inLanguage\":\"da-DK\",\"@id\":\"https:\/\/www.atomkraft-jatak.dk\/newsite\/#\/schema\/logo\/image\/\",\"url\":\"https:\/\/www.atomkraft-jatak.dk\/newsite\/wp-content\/uploads\/2021\/02\/logo-med-hjemmeside.png\",\"contentUrl\":\"https:\/\/www.atomkraft-jatak.dk\/newsite\/wp-content\/uploads\/2021\/02\/logo-med-hjemmeside.png\",\"width\":1452,\"height\":1470,\"caption\":\"Atomkraft Ja Tak\"},\"image\":{\"@id\":\"https:\/\/www.atomkraft-jatak.dk\/newsite\/#\/schema\/logo\/image\/\"},\"sameAs\":[\"https:\/\/www.facebook.com\/atomkraftjatak\/\"]}]}<\/script>\n<!-- \/ Yoast SEO plugin. -->","yoast_head_json":{"title":"Powerpoint - Foreningen Atomkraft Ja Tak","robots":{"index":"index","follow":"follow","max-snippet":"max-snippet:-1","max-image-preview":"max-image-preview:large","max-video-preview":"max-video-preview:-1"},"canonical":"https:\/\/www.atomkraft-jatak.dk\/newsite\/powerpoint\/","og_locale":"da_DK","og_type":"article","og_title":"Powerpoint - Foreningen Atomkraft Ja Tak","og_description":"PowerPoint pr\u00e6sentation Foreningen Atomkraft Ja Taks officielle PowerPoint pr\u00e6sentation. Ved brug af PowerPointen til opl\u00e6g bedes foreningen kontaktes p\u00e5: kontakt@atomjatak.dk. Enkelte databilleder m\u00e5 gerne deles.","og_url":"https:\/\/www.atomkraft-jatak.dk\/newsite\/powerpoint\/","og_site_name":"Foreningen Atomkraft Ja Tak","article_publisher":"https:\/\/www.facebook.com\/atomkraftjatak\/","article_modified_time":"2023-05-06T15:05:29+00:00","og_image":[{"width":1452,"height":1470,"url":"https:\/\/www.atomkraft-jatak.dk\/newsite\/wp-content\/uploads\/2021\/09\/logo-med-hjemmeside-uden-baggrund.png","type":"image\/png"}],"twitter_card":"summary_large_image","twitter_misc":{"Estimeret l\u00e6setid":"1 minut"},"schema":{"@context":"https:\/\/schema.org","@graph":[{"@type":"WebPage","@id":"https:\/\/www.atomkraft-jatak.dk\/newsite\/powerpoint\/","url":"https:\/\/www.atomkraft-jatak.dk\/newsite\/powerpoint\/","name":"Powerpoint - Foreningen Atomkraft Ja Tak","isPartOf":{"@id":"https:\/\/www.atomkraft-jatak.dk\/newsite\/#website"},"datePublished":"2021-09-22T11:34:32+00:00","dateModified":"2023-05-06T15:05:29+00:00","breadcrumb":{"@id":"https:\/\/www.atomkraft-jatak.dk\/newsite\/powerpoint\/#breadcrumb"},"inLanguage":"da-DK","potentialAction":[{"@type":"ReadAction","target":["https:\/\/www.atomkraft-jatak.dk\/newsite\/powerpoint\/"]}]},{"@type":"BreadcrumbList","@id":"https:\/\/www.atomkraft-jatak.dk\/newsite\/powerpoint\/#breadcrumb","itemListElement":[{"@type":"ListItem","position":1,"name":"Home","item":"https:\/\/www.atomkraft-jatak.dk\/newsite\/"},{"@type":"ListItem","position":2,"name":"Powerpoint"}]},{"@type":"WebSite","@id":"https:\/\/www.atomkraft-jatak.dk\/newsite\/#website","url":"https:\/\/www.atomkraft-jatak.dk\/newsite\/","name":"Foreningen Atomkraft Ja Tak","description":"- Brug hjernen, split kernen","publisher":{"@id":"https:\/\/www.atomkraft-jatak.dk\/newsite\/#organization"},"potentialAction":[{"@type":"SearchAction","target":{"@type":"EntryPoint","urlTemplate":"https:\/\/www.atomkraft-jatak.dk\/newsite\/?s={search_term_string}"},"query-input":"required name=search_term_string"}],"inLanguage":"da-DK"},{"@type":"Organization","@id":"https:\/\/www.atomkraft-jatak.dk\/newsite\/#organization","name":"Atomkraft Ja Tak","url":"https:\/\/www.atomkraft-jatak.dk\/newsite\/","logo":{"@type":"ImageObject","inLanguage":"da-DK","@id":"https:\/\/www.atomkraft-jatak.dk\/newsite\/#\/schema\/logo\/image\/","url":"https:\/\/www.atomkraft-jatak.dk\/newsite\/wp-content\/uploads\/2021\/02\/logo-med-hjemmeside.png","contentUrl":"https:\/\/www.atomkraft-jatak.dk\/newsite\/wp-content\/uploads\/2021\/02\/logo-med-hjemmeside.png","width":1452,"height":1470,"caption":"Atomkraft Ja Tak"},"image":{"@id":"https:\/\/www.atomkraft-jatak.dk\/newsite\/#\/schema\/logo\/image\/"},"sameAs":["https:\/\/www.facebook.com\/atomkraftjatak\/"]}]}},"uagb_featured_image_src":{"full":["https:\/\/www.atomkraft-jatak.dk\/newsite\/wp-content\/uploads\/2021\/09\/logo-med-hjemmeside-uden-baggrund.png",1452,1470,false],"thumbnail":["https:\/\/www.atomkraft-jatak.dk\/newsite\/wp-content\/uploads\/2021\/09\/logo-med-hjemmeside-uden-baggrund-150x150.png",150,150,true],"medium":["https:\/\/www.atomkraft-jatak.dk\/newsite\/wp-content\/uploads\/2021\/09\/logo-med-hjemmeside-uden-baggrund-296x300.png",296,300,true],"medium_large":["https:\/\/www.atomkraft-jatak.dk\/newsite\/wp-content\/uploads\/2021\/09\/logo-med-hjemmeside-uden-baggrund-768x778.png",768,778,true],"large":["https:\/\/www.atomkraft-jatak.dk\/newsite\/wp-content\/uploads\/2021\/09\/logo-med-hjemmeside-uden-baggrund-1011x1024.png",1011,1024,true],"betterdocs-category-thumb":["https:\/\/www.atomkraft-jatak.dk\/newsite\/wp-content\/uploads\/2021\/09\/logo-med-hjemmeside-uden-baggrund-360x364.png",360,364,true],"1536x1536":["https:\/\/www.atomkraft-jatak.dk\/newsite\/wp-content\/uploads\/2021\/09\/logo-med-hjemmeside-uden-baggrund.png",1452,1470,false],"2048x2048":["https:\/\/www.atomkraft-jatak.dk\/newsite\/wp-content\/uploads\/2021\/09\/logo-med-hjemmeside-uden-baggrund.png",1452,1470,false],"woocommerce_thumbnail":["https:\/\/www.atomkraft-jatak.dk\/newsite\/wp-content\/uploads\/2021\/09\/logo-med-hjemmeside-uden-baggrund-300x300.png",300,300,true],"woocommerce_single":["https:\/\/www.atomkraft-jatak.dk\/newsite\/wp-content\/uploads\/2021\/09\/logo-med-hjemmeside-uden-baggrund-600x607.png",600,607,true],"woocommerce_gallery_thumbnail":["https:\/\/www.atomkraft-jatak.dk\/newsite\/wp-content\/uploads\/2021\/09\/logo-med-hjemmeside-uden-baggrund-100x100.png",100,100,true]},"uagb_author_info":{"display_name":"Fajt","author_link":"https:\/\/www.atomkraft-jatak.dk\/newsite\/author\/cto\/"},"uagb_comment_info":0,"uagb_excerpt":"PowerPoint pr\u00e6sentation Foreningen Atomkraft Ja Taks officielle PowerPoint pr\u00e6sentation. Ved brug af PowerPointen til opl\u00e6g bedes foreningen kontaktes p\u00e5: kontakt@atomjatak.dk. Enkelte databilleder m\u00e5 gerne deles.","_links":{"self":[{"href":"https:\/\/www.atomkraft-jatak.dk\/newsite\/wp-json\/wp\/v2\/pages\/11235"}],"collection":[{"href":"https:\/\/www.atomkraft-jatak.dk\/newsite\/wp-json\/wp\/v2\/pages"}],"about":[{"href":"https:\/\/www.atomkraft-jatak.dk\/newsite\/wp-json\/wp\/v2\/types\/page"}],"author":[{"embeddable":true,"href":"https:\/\/www.atomkraft-jatak.dk\/newsite\/wp-json\/wp\/v2\/users\/2"}],"replies":[{"embeddable":true,"href":"https:\/\/www.atomkraft-jatak.dk\/newsite\/wp-json\/wp\/v2\/comments?post=11235"}],"version-history":[{"count":78,"href":"https:\/\/www.atomkraft-jatak.dk\/newsite\/wp-json\/wp\/v2\/pages\/11235\/revisions"}],"predecessor-version":[{"id":26090,"href":"https:\/\/www.atomkraft-jatak.dk\/newsite\/wp-json\/wp\/v2\/pages\/11235\/revisions\/26090"}],"wp:featuredmedia":[{"embeddable":true,"href":"https:\/\/www.atomkraft-jatak.dk\/newsite\/wp-json\/wp\/v2\/media\/10750"}],"wp:attachment":[{"href":"https:\/\/www.atomkraft-jatak.dk\/newsite\/wp-json\/wp\/v2\/media?parent=11235"}],"curies":[{"name":"wp","href":"https:\/\/api.w.org\/{rel}","templated":true}]}}