{"id":3643,"date":"2020-09-06T16:32:21","date_gmt":"2020-09-06T16:32:21","guid":{"rendered":"http:\/\/www.atomkraft-jatak.dk\/newsiteclone\/?post_type=product&#038;p=3643"},"modified":"2020-09-21T23:56:18","modified_gmt":"2020-09-21T23:56:18","slug":"medlemskab","status":"publish","type":"product","link":"https:\/\/www.atomkraft-jatak.dk\/newsiteclone\/product\/medlemskab\/","title":{"rendered":"Medlemskab"},"content":{"rendered":"","protected":false},"excerpt":{"rendered":"","protected":false},"featured_media":3761,"template":"","meta":{"_uag_custom_page_level_css":"","site-sidebar-layout":"default","site-content-layout":"default","ast-global-header-display":"","ast-main-header-display":"","ast-hfb-above-header-display":"","ast-hfb-below-header-display":"","ast-hfb-mobile-header-display":"","site-post-title":"disabled","ast-breadcrumbs-content":"","ast-featured-img":"disabled","footer-sml-layout":"","theme-transparent-header-meta":"default","adv-header-id-meta":"","stick-header-meta":"","header-above-stick-meta":"","header-main-stick-meta":"","header-below-stick-meta":""},"product_cat":[23],"product_tag":[29,25,26,24],"yoast_head":"<!-- This site is optimized with the Yoast SEO plugin v20.7 - https:\/\/yoast.com\/wordpress\/plugins\/seo\/ -->\n<title>Medlemskab og st\u00f8tte - Foreningen Atomkraft Ja Tak<\/title>\n<meta name=\"description\" content=\"Et medlemskab af Foreningen Atomkraft Ja Tak p\u00e5 150 ,- hj\u00e6lper os med at bringe atomkraft p\u00e5 dagsordenen i den danske klimadebat.\" \/>\n<meta name=\"robots\" content=\"index, follow, max-snippet:-1, max-image-preview:large, max-video-preview:-1\" \/>\n<link rel=\"canonical\" href=\"http:\/\/www.atomkraft-jatak.dk\/newsiteclone\/product\/medlemskab\/\" \/>\n<meta property=\"og:locale\" content=\"da_DK\" \/>\n<meta property=\"og:type\" content=\"article\" \/>\n<meta property=\"og:title\" content=\"Medlemskab og st\u00f8tte - Foreningen Atomkraft Ja Tak\" \/>\n<meta property=\"og:description\" content=\"Et medlemskab af Foreningen Atomkraft Ja Tak p\u00e5 150 ,- hj\u00e6lper os med at bringe atomkraft p\u00e5 dagsordenen i den danske klimadebat.\" \/>\n<meta property=\"og:url\" content=\"http:\/\/www.atomkraft-jatak.dk\/newsiteclone\/product\/medlemskab\/\" \/>\n<meta property=\"og:site_name\" content=\"Foreningen Atomkraft Ja Tak\" \/>\n<meta property=\"article:publisher\" content=\"https:\/\/www.facebook.com\/atomkraftjatak\/\" \/>\n<meta property=\"article:modified_time\" content=\"2020-09-21T23:56:18+00:00\" \/>\n<meta property=\"og:image\" content=\"http:\/\/www.atomkraft-jatak.dk\/newsiteclone\/wp-content\/uploads\/2020\/09\/logo-2.png\" \/>\n\t<meta property=\"og:image:width\" content=\"1024\" \/>\n\t<meta property=\"og:image:height\" content=\"918\" \/>\n\t<meta property=\"og:image:type\" content=\"image\/png\" \/>\n<meta name=\"twitter:card\" content=\"summary_large_image\" \/>\n<script type=\"application\/ld+json\" class=\"yoast-schema-graph\">{\"@context\":\"https:\/\/schema.org\",\"@graph\":[{\"@type\":\"WebPage\",\"@id\":\"http:\/\/www.atomkraft-jatak.dk\/newsiteclone\/product\/medlemskab\/\",\"url\":\"http:\/\/www.atomkraft-jatak.dk\/newsiteclone\/product\/medlemskab\/\",\"name\":\"Medlemskab og st\u00f8tte - Foreningen Atomkraft Ja Tak\",\"isPartOf\":{\"@id\":\"https:\/\/www.atomkraft-jatak.dk\/newsiteclone\/#website\"},\"datePublished\":\"2020-09-06T16:32:21+00:00\",\"dateModified\":\"2020-09-21T23:56:18+00:00\",\"description\":\"Et medlemskab af Foreningen Atomkraft Ja Tak p\u00e5 150 ,- hj\u00e6lper os med at bringe atomkraft p\u00e5 dagsordenen i den danske klimadebat.\",\"breadcrumb\":{\"@id\":\"http:\/\/www.atomkraft-jatak.dk\/newsiteclone\/product\/medlemskab\/#breadcrumb\"},\"inLanguage\":\"da-DK\",\"potentialAction\":[{\"@type\":\"ReadAction\",\"target\":[\"http:\/\/www.atomkraft-jatak.dk\/newsiteclone\/product\/medlemskab\/\"]}]},{\"@type\":\"BreadcrumbList\",\"@id\":\"http:\/\/www.atomkraft-jatak.dk\/newsiteclone\/product\/medlemskab\/#breadcrumb\",\"itemListElement\":[{\"@type\":\"ListItem\",\"position\":1,\"name\":\"Home\",\"item\":\"https:\/\/www.atomkraft-jatak.dk\/newsiteclone\/\"},{\"@type\":\"ListItem\",\"position\":2,\"name\":\"Varer\",\"item\":\"https:\/\/www.atomkraft-jatak.dk\/newsiteclone\/shop\/\"},{\"@type\":\"ListItem\",\"position\":3,\"name\":\"Medlemskab\"}]},{\"@type\":\"WebSite\",\"@id\":\"https:\/\/www.atomkraft-jatak.dk\/newsiteclone\/#website\",\"url\":\"https:\/\/www.atomkraft-jatak.dk\/newsiteclone\/\",\"name\":\"Foreningen Atomkraft Ja Tak\",\"description\":\"- Brug hjernen, split kernen\",\"publisher\":{\"@id\":\"https:\/\/www.atomkraft-jatak.dk\/newsiteclone\/#organization\"},\"potentialAction\":[{\"@type\":\"SearchAction\",\"target\":{\"@type\":\"EntryPoint\",\"urlTemplate\":\"https:\/\/www.atomkraft-jatak.dk\/newsiteclone\/?s={search_term_string}\"},\"query-input\":\"required name=search_term_string\"}],\"inLanguage\":\"da-DK\"},{\"@type\":\"Organization\",\"@id\":\"https:\/\/www.atomkraft-jatak.dk\/newsiteclone\/#organization\",\"name\":\"Atomkraft Ja Tak\",\"url\":\"https:\/\/www.atomkraft-jatak.dk\/newsiteclone\/\",\"logo\":{\"@type\":\"ImageObject\",\"inLanguage\":\"da-DK\",\"@id\":\"https:\/\/www.atomkraft-jatak.dk\/newsiteclone\/#\/schema\/logo\/image\/\",\"url\":\"http:\/\/www.atomkraft-jatak.dk\/newsiteclone\/wp-content\/uploads\/2021\/02\/logo-med-hjemmeside.png\",\"contentUrl\":\"http:\/\/www.atomkraft-jatak.dk\/newsiteclone\/wp-content\/uploads\/2021\/02\/logo-med-hjemmeside.png\",\"width\":1452,\"height\":1470,\"caption\":\"Atomkraft Ja Tak\"},\"image\":{\"@id\":\"https:\/\/www.atomkraft-jatak.dk\/newsiteclone\/#\/schema\/logo\/image\/\"},\"sameAs\":[\"https:\/\/www.facebook.com\/atomkraftjatak\/\"]}]}<\/script>\n<!-- \/ Yoast SEO plugin. -->","yoast_head_json":{"title":"Medlemskab og st\u00f8tte - Foreningen Atomkraft Ja Tak","description":"Et medlemskab af Foreningen Atomkraft Ja Tak p\u00e5 150 ,- hj\u00e6lper os med at bringe atomkraft p\u00e5 dagsordenen i den danske klimadebat.","robots":{"index":"index","follow":"follow","max-snippet":"max-snippet:-1","max-image-preview":"max-image-preview:large","max-video-preview":"max-video-preview:-1"},"canonical":"http:\/\/www.atomkraft-jatak.dk\/newsiteclone\/product\/medlemskab\/","og_locale":"da_DK","og_type":"article","og_title":"Medlemskab og st\u00f8tte - Foreningen Atomkraft Ja Tak","og_description":"Et medlemskab af Foreningen Atomkraft Ja Tak p\u00e5 150 ,- hj\u00e6lper os med at bringe atomkraft p\u00e5 dagsordenen i den danske klimadebat.","og_url":"http:\/\/www.atomkraft-jatak.dk\/newsiteclone\/product\/medlemskab\/","og_site_name":"Foreningen Atomkraft Ja Tak","article_publisher":"https:\/\/www.facebook.com\/atomkraftjatak\/","article_modified_time":"2020-09-21T23:56:18+00:00","og_image":[{"width":1024,"height":918,"url":"http:\/\/www.atomkraft-jatak.dk\/newsiteclone\/wp-content\/uploads\/2020\/09\/logo-2.png","type":"image\/png"}],"twitter_card":"summary_large_image","schema":{"@context":"https:\/\/schema.org","@graph":[{"@type":"WebPage","@id":"http:\/\/www.atomkraft-jatak.dk\/newsiteclone\/product\/medlemskab\/","url":"http:\/\/www.atomkraft-jatak.dk\/newsiteclone\/product\/medlemskab\/","name":"Medlemskab og st\u00f8tte - Foreningen Atomkraft Ja Tak","isPartOf":{"@id":"https:\/\/www.atomkraft-jatak.dk\/newsiteclone\/#website"},"datePublished":"2020-09-06T16:32:21+00:00","dateModified":"2020-09-21T23:56:18+00:00","description":"Et medlemskab af Foreningen Atomkraft Ja Tak p\u00e5 150 ,- hj\u00e6lper os med at bringe atomkraft p\u00e5 dagsordenen i den danske klimadebat.","breadcrumb":{"@id":"http:\/\/www.atomkraft-jatak.dk\/newsiteclone\/product\/medlemskab\/#breadcrumb"},"inLanguage":"da-DK","potentialAction":[{"@type":"ReadAction","target":["http:\/\/www.atomkraft-jatak.dk\/newsiteclone\/product\/medlemskab\/"]}]},{"@type":"BreadcrumbList","@id":"http:\/\/www.atomkraft-jatak.dk\/newsiteclone\/product\/medlemskab\/#breadcrumb","itemListElement":[{"@type":"ListItem","position":1,"name":"Home","item":"https:\/\/www.atomkraft-jatak.dk\/newsiteclone\/"},{"@type":"ListItem","position":2,"name":"Varer","item":"https:\/\/www.atomkraft-jatak.dk\/newsiteclone\/shop\/"},{"@type":"ListItem","position":3,"name":"Medlemskab"}]},{"@type":"WebSite","@id":"https:\/\/www.atomkraft-jatak.dk\/newsiteclone\/#website","url":"https:\/\/www.atomkraft-jatak.dk\/newsiteclone\/","name":"Foreningen Atomkraft Ja Tak","description":"- Brug hjernen, split kernen","publisher":{"@id":"https:\/\/www.atomkraft-jatak.dk\/newsiteclone\/#organization"},"potentialAction":[{"@type":"SearchAction","target":{"@type":"EntryPoint","urlTemplate":"https:\/\/www.atomkraft-jatak.dk\/newsiteclone\/?s={search_term_string}"},"query-input":"required name=search_term_string"}],"inLanguage":"da-DK"},{"@type":"Organization","@id":"https:\/\/www.atomkraft-jatak.dk\/newsiteclone\/#organization","name":"Atomkraft Ja Tak","url":"https:\/\/www.atomkraft-jatak.dk\/newsiteclone\/","logo":{"@type":"ImageObject","inLanguage":"da-DK","@id":"https:\/\/www.atomkraft-jatak.dk\/newsiteclone\/#\/schema\/logo\/image\/","url":"http:\/\/www.atomkraft-jatak.dk\/newsiteclone\/wp-content\/uploads\/2021\/02\/logo-med-hjemmeside.png","contentUrl":"http:\/\/www.atomkraft-jatak.dk\/newsiteclone\/wp-content\/uploads\/2021\/02\/logo-med-hjemmeside.png","width":1452,"height":1470,"caption":"Atomkraft Ja Tak"},"image":{"@id":"https:\/\/www.atomkraft-jatak.dk\/newsiteclone\/#\/schema\/logo\/image\/"},"sameAs":["https:\/\/www.facebook.com\/atomkraftjatak\/"]}]}},"uagb_featured_image_src":{"full":["https:\/\/www.atomkraft-jatak.dk\/newsiteclone\/wp-content\/uploads\/2020\/09\/logo-2.png",1024,918,false],"thumbnail":["https:\/\/www.atomkraft-jatak.dk\/newsiteclone\/wp-content\/uploads\/2020\/09\/logo-2-150x150.png",150,150,true],"medium":["https:\/\/www.atomkraft-jatak.dk\/newsiteclone\/wp-content\/uploads\/2020\/09\/logo-2-300x269.png",300,269,true],"medium_large":["https:\/\/www.atomkraft-jatak.dk\/newsiteclone\/wp-content\/uploads\/2020\/09\/logo-2-768x689.png",768,689,true],"large":["https:\/\/www.atomkraft-jatak.dk\/newsiteclone\/wp-content\/uploads\/2020\/09\/logo-2-1024x918.png",1024,918,true],"betterdocs-category-thumb":["https:\/\/www.atomkraft-jatak.dk\/newsiteclone\/wp-content\/uploads\/2020\/09\/logo-2.png",360,323,false],"1536x1536":["https:\/\/www.atomkraft-jatak.dk\/newsiteclone\/wp-content\/uploads\/2020\/09\/logo-2.png",1024,918,false],"2048x2048":["https:\/\/www.atomkraft-jatak.dk\/newsiteclone\/wp-content\/uploads\/2020\/09\/logo-2.png",1024,918,false],"woocommerce_thumbnail":["https:\/\/www.atomkraft-jatak.dk\/newsiteclone\/wp-content\/uploads\/2020\/09\/logo-2-300x300.png",300,300,true],"woocommerce_single":["https:\/\/www.atomkraft-jatak.dk\/newsiteclone\/wp-content\/uploads\/2020\/09\/logo-2-600x538.png",600,538,true],"woocommerce_gallery_thumbnail":["https:\/\/www.atomkraft-jatak.dk\/newsiteclone\/wp-content\/uploads\/2020\/09\/logo-2-100x100.png",100,100,true]},"uagb_author_info":{"display_name":"Johan","author_link":"https:\/\/www.atomkraft-jatak.dk\/newsiteclone\/product\/medlemskab\/"},"uagb_comment_info":0,"uagb_excerpt":null,"_links":{"self":[{"href":"https:\/\/www.atomkraft-jatak.dk\/newsiteclone\/wp-json\/wp\/v2\/product\/3643"}],"collection":[{"href":"https:\/\/www.atomkraft-jatak.dk\/newsiteclone\/wp-json\/wp\/v2\/product"}],"about":[{"href":"https:\/\/www.atomkraft-jatak.dk\/newsiteclone\/wp-json\/wp\/v2\/types\/product"}],"wp:featuredmedia":[{"embeddable":true,"href":"https:\/\/www.atomkraft-jatak.dk\/newsiteclone\/wp-json\/wp\/v2\/media\/3761"}],"wp:attachment":[{"href":"https:\/\/www.atomkraft-jatak.dk\/newsiteclone\/wp-json\/wp\/v2\/media?parent=3643"}],"wp:term":[{"taxonomy":"product_cat","embeddable":true,"href":"https:\/\/www.atomkraft-jatak.dk\/newsiteclone\/wp-json\/wp\/v2\/product_cat?post=3643"},{"taxonomy":"product_tag","embeddable":true,"href":"https:\/\/www.atomkraft-jatak.dk\/newsiteclone\/wp-json\/wp\/v2\/product_tag?post=3643"}],"curies":[{"name":"wp","href":"https:\/\/api.w.org\/{rel}","templated":true}]}}