{"id":4011,"date":"2020-09-21T23:17:43","date_gmt":"2020-09-21T23:17:43","guid":{"rendered":"http:\/\/www.atomkraft-jatak.dk\/newsiteclone\/?page_id=4011"},"modified":"2021-11-02T23:23:28","modified_gmt":"2021-11-02T23:23:28","slug":"handelsbetingelser","status":"publish","type":"page","link":"https:\/\/www.atomkraft-jatak.dk\/newsiteclone\/handelsbetingelser\/","title":{"rendered":"Handelsbetingelser"},"content":{"rendered":"\t\t<div data-elementor-type=\"wp-page\" data-elementor-id=\"4011\" class=\"elementor elementor-4011\">\n\t\t\t\t\t\t<div class=\"elementor-inner\">\n\t\t\t\t<div class=\"elementor-section-wrap\">\n\t\t\t\t\t\t\t\t\t<section class=\"elementor-section elementor-top-section elementor-element elementor-element-4286a045 elementor-section-boxed elementor-section-height-default elementor-section-height-default\" data-id=\"4286a045\" data-element_type=\"section\" data-settings=\"{&quot;background_background&quot;:&quot;classic&quot;,&quot;shape_divider_top&quot;:&quot;mountains&quot;,&quot;shape_divider_bottom&quot;:&quot;mountains&quot;}\">\n\t\t\t\t\t\t\t<div class=\"elementor-background-overlay\"><\/div>\n\t\t\t\t\t\t<div class=\"elementor-shape elementor-shape-top\" data-negative=\"false\">\n\t\t\t<svg xmlns=\"http:\/\/www.w3.org\/2000\/svg\" viewBox=\"0 0 1000 100\" preserveAspectRatio=\"none\">\n\t<path class=\"elementor-shape-fill\" opacity=\"0.33\" d=\"M473,67.3c-203.9,88.3-263.1-34-320.3,0C66,119.1,0,59.7,0,59.7V0h1000v59.7 c0,0-62.1,26.1-94.9,29.3c-32.8,3.3-62.8-12.3-75.8-22.1C806,49.6,745.3,8.7,694.9,4.7S492.4,59,473,67.3z\"\/>\n\t<path class=\"elementor-shape-fill\" opacity=\"0.66\" d=\"M734,67.3c-45.5,0-77.2-23.2-129.1-39.1c-28.6-8.7-150.3-10.1-254,39.1 s-91.7-34.4-149.2,0C115.7,118.3,0,39.8,0,39.8V0h1000v36.5c0,0-28.2-18.5-92.1-18.5C810.2,18.1,775.7,67.3,734,67.3z\"\/>\n\t<path class=\"elementor-shape-fill\" d=\"M766.1,28.9c-200-57.5-266,65.5-395.1,19.5C242,1.8,242,5.4,184.8,20.6C128,35.8,132.3,44.9,89.9,52.5C28.6,63.7,0,0,0,0 h1000c0,0-9.9,40.9-83.6,48.1S829.6,47,766.1,28.9z\"\/>\n<\/svg>\t\t<\/div>\n\t\t\t\t<div class=\"elementor-shape elementor-shape-bottom\" data-negative=\"false\">\n\t\t\t<svg xmlns=\"http:\/\/www.w3.org\/2000\/svg\" viewBox=\"0 0 1000 100\" preserveAspectRatio=\"none\">\n\t<path class=\"elementor-shape-fill\" opacity=\"0.33\" d=\"M473,67.3c-203.9,88.3-263.1-34-320.3,0C66,119.1,0,59.7,0,59.7V0h1000v59.7 c0,0-62.1,26.1-94.9,29.3c-32.8,3.3-62.8-12.3-75.8-22.1C806,49.6,745.3,8.7,694.9,4.7S492.4,59,473,67.3z\"\/>\n\t<path class=\"elementor-shape-fill\" opacity=\"0.66\" d=\"M734,67.3c-45.5,0-77.2-23.2-129.1-39.1c-28.6-8.7-150.3-10.1-254,39.1 s-91.7-34.4-149.2,0C115.7,118.3,0,39.8,0,39.8V0h1000v36.5c0,0-28.2-18.5-92.1-18.5C810.2,18.1,775.7,67.3,734,67.3z\"\/>\n\t<path class=\"elementor-shape-fill\" d=\"M766.1,28.9c-200-57.5-266,65.5-395.1,19.5C242,1.8,242,5.4,184.8,20.6C128,35.8,132.3,44.9,89.9,52.5C28.6,63.7,0,0,0,0 h1000c0,0-9.9,40.9-83.6,48.1S829.6,47,766.1,28.9z\"\/>\n<\/svg>\t\t<\/div>\n\t\t\t\t\t<div class=\"elementor-container elementor-column-gap-default\">\n\t\t\t\t\t\t\t<div class=\"elementor-row\">\n\t\t\t\t\t<div class=\"elementor-column elementor-col-100 elementor-top-column elementor-element elementor-element-1ef66432\" data-id=\"1ef66432\" data-element_type=\"column\">\n\t\t\t<div class=\"elementor-column-wrap elementor-element-populated\">\n\t\t\t\t\t\t\t<div class=\"elementor-widget-wrap\">\n\t\t\t\t\t\t<div class=\"elementor-element elementor-element-53a6de2 elementor-position-top elementor-vertical-align-top elementor-widget elementor-widget-image-box\" data-id=\"53a6de2\" data-element_type=\"widget\" data-widget_type=\"image-box.default\">\n\t\t\t\t<div class=\"elementor-widget-container\">\n\t\t\t<div class=\"elementor-image-box-wrapper\"><\/div>\t\t<\/div>\n\t\t\t\t<\/div>\n\t\t\t\t\t\t<\/div>\n\t\t\t\t\t<\/div>\n\t\t<\/div>\n\t\t\t\t\t\t\t\t<\/div>\n\t\t\t\t\t<\/div>\n\t\t<\/section>\n\t\t\t\t<section class=\"elementor-section elementor-top-section elementor-element elementor-element-f1f54cb elementor-section-boxed elementor-section-height-default elementor-section-height-default\" data-id=\"f1f54cb\" data-element_type=\"section\">\n\t\t\t\t\t\t<div class=\"elementor-container elementor-column-gap-default\">\n\t\t\t\t\t\t\t<div class=\"elementor-row\">\n\t\t\t\t\t<div class=\"elementor-column elementor-col-100 elementor-top-column elementor-element elementor-element-0864d72\" data-id=\"0864d72\" data-element_type=\"column\">\n\t\t\t<div class=\"elementor-column-wrap elementor-element-populated\">\n\t\t\t\t\t\t\t<div class=\"elementor-widget-wrap\">\n\t\t\t\t\t\t<div class=\"elementor-element elementor-element-cde13c6 elementor-widget elementor-widget-text-editor\" data-id=\"cde13c6\" data-element_type=\"widget\" data-widget_type=\"text-editor.default\">\n\t\t\t\t<div class=\"elementor-widget-container\">\n\t\t\t\t\t\t\t\t<div class=\"elementor-text-editor elementor-clearfix\">\n\t\t\t\t<h2><b>Handelsbetingelser<\/b><\/h2><p><span style=\"font-weight: 400;\">1.1) Ved gennemf\u00f8relse af dette k\u00f8b accepterer du, at der bliver trukket DKK 150,00.- fra din konto og overf\u00f8rt til \u201dForeningen Atomkraft \u2013 Ja Tak!\u201d.<\/span><\/p><p><span style=\"font-weight: 400;\">2.1) Ved gennemf\u00f8relse af dette k\u00f8b accepterer du, at k\u00f8bet udg\u00f8r et abonnement p\u00e5 medlemskab i \u201dForeningen Atomkraft \u2013 Ja Tak!\u201d, hvilket indeb\u00e6rer, at der i fremtiden automatisk hver 6. m\u00e5ned vil blive trukket DKK 150,00.- fra din konto og overf\u00f8rt til \u201dForeningen Atomkraft \u2013 Ja Tak!\u201d.<\/span><\/p><p><span style=\"font-weight: 400;\">3.1) Abonnementet kan til enhver tid opsiges ved at sende en mail til <a href=\"mailto:kontakt@atomjatak.dk\">kontakt@atomjatak.dk<\/a><\/span><span style=\"font-weight: 400;\">\u00a0med angivelse af dit fulde navn efterfulgt af dit \u00f8nske om opsigelse af abonnementet.<\/span><\/p><p><span style=\"font-weight: 400;\">3.2) Dit abonnement vil herefter blive opsagt inden for 14 dage og der vil efter opsigelsen af abonnementet ikke l\u00e6ngere automatisk blive trukket penge p\u00e5 din konto hver 6. m\u00e5ned<\/span><\/p><p><span style=\"font-weight: 400;\">4.1) Udover de potentielle 14 dages behandlingstid af dit \u00f8nske om opsigelse af abonnement (jf. punkt 3.2), er der ingen bindingsperiode.<\/span><\/p><p><span style=\"font-weight: 400;\">5.1) *Ved gennemf\u00f8relse af dette k\u00f8b accepterer du, at medlemskabet kan anskues som din private finansielle st\u00f8tte til \u201dForeningen Atomkraft \u2013 Ja Tak!\u201d og at \u201dForeningen Atomkraft \u2013 Ja Tak!\u201d dermed ikke er forpligtet til at yde nogen form for modydelse udover et bevis p\u00e5 dit medlemskab.<\/span><\/p><p><span style=\"font-weight: 400;\">6.1) \u201dForeningen Atomkraft \u2013 Ja Tak!\u201d forbeholder sig retten til at kunne opsige dit medlemskab og dermed abonnementet til enhver tid og med \u00f8jeblikkelig virkning.<\/span><span style=\"font-weight: 400;\"><br \/><\/span><span style=\"font-weight: 400;\">Skulle \u201dForeningen Atomkraft \u2013 Ja Tak!\u201d ud\u00f8ve denne rettighed, vil du f\u00e5 refunderet din seneste betaling for abonnementet svarende til et bel\u00f8b p\u00e5 DKK 150,00.-<\/span><\/p><p><span style=\"font-weight: 400;\">*<\/span><i><span style=\"font-weight: 400;\">\u201dForeningen Atomkraft \u2013 Ja Tak!\u201d har dog i sinde at give medlemmer et f\u00e6llesskab og et pro-atomkraftsforum at indg\u00e5 i. Derudover har \u201dForeningen Atomkraft \u2013 Ja Tak!\u201d p\u00e5 sigt ogs\u00e5 i sinde at afholde events, som ikke er \u00e5bne for offentligheden men derimod kun for medlemmer. Bem\u00e6rk dog, at du ved gennemf\u00f8relse af dette k\u00f8b accepterer, at \u201dForeningen Atomkraft \u2013 Ja Tak!\u201d ikke forpligter sig til at levere disse modydelser.<\/span><\/i><\/p>\t\t\t\t\t<\/div>\n\t\t\t\t\t\t<\/div>\n\t\t\t\t<\/div>\n\t\t\t\t\t\t<\/div>\n\t\t\t\t\t<\/div>\n\t\t<\/div>\n\t\t\t\t\t\t\t\t<\/div>\n\t\t\t\t\t<\/div>\n\t\t<\/section>\n\t\t\t\t\t\t\t\t\t<\/div>\n\t\t\t<\/div>\n\t\t\t\t\t<\/div>\n\t\t","protected":false},"excerpt":{"rendered":"<p>Handelsbetingelser 1.1) Ved gennemf\u00f8relse af dette k\u00f8b accepterer du, at der bliver trukket DKK 150,00.- fra din konto og overf\u00f8rt til \u201dForeningen Atomkraft \u2013 Ja Tak!\u201d. 2.1) Ved gennemf\u00f8relse af dette k\u00f8b accepterer du, at k\u00f8bet udg\u00f8r et abonnement p\u00e5 medlemskab i \u201dForeningen Atomkraft \u2013 Ja Tak!\u201d, hvilket indeb\u00e6rer, at der i fremtiden automatisk hver &hellip;<\/p>\n<p class=\"read-more\"> <a class=\"\" href=\"https:\/\/www.atomkraft-jatak.dk\/newsiteclone\/handelsbetingelser\/\"> <span class=\"screen-reader-text\">Handelsbetingelser<\/span> L\u00e6s mere &raquo;<\/a><\/p>\n","protected":false},"author":2,"featured_media":0,"parent":0,"menu_order":0,"comment_status":"closed","ping_status":"closed","template":"","meta":{"_uag_custom_page_level_css":"","site-sidebar-layout":"no-sidebar","site-content-layout":"page-builder","ast-global-header-display":"","ast-main-header-display":"","ast-hfb-above-header-display":"","ast-hfb-below-header-display":"","ast-hfb-mobile-header-display":"","site-post-title":"disabled","ast-breadcrumbs-content":"","ast-featured-img":"disabled","footer-sml-layout":"","theme-transparent-header-meta":"default","adv-header-id-meta":"","stick-header-meta":"","header-above-stick-meta":"","header-main-stick-meta":"","header-below-stick-meta":""},"yoast_head":"<!-- This site is optimized with the Yoast SEO plugin v20.7 - https:\/\/yoast.com\/wordpress\/plugins\/seo\/ -->\n<title>Handelsbetingelser - Foreningen Atomkraft Ja Tak<\/title>\n<meta name=\"robots\" content=\"index, follow, max-snippet:-1, max-image-preview:large, max-video-preview:-1\" \/>\n<link rel=\"canonical\" href=\"http:\/\/www.atomkraft-jatak.dk\/newsiteclone\/handelsbetingelser\/\" \/>\n<meta property=\"og:locale\" content=\"da_DK\" \/>\n<meta property=\"og:type\" content=\"article\" \/>\n<meta property=\"og:title\" content=\"Handelsbetingelser - Foreningen Atomkraft Ja Tak\" \/>\n<meta property=\"og:description\" content=\"Handelsbetingelser 1.1) Ved gennemf\u00f8relse af dette k\u00f8b accepterer du, at der bliver trukket DKK 150,00.- fra din konto og overf\u00f8rt til \u201dForeningen Atomkraft \u2013 Ja Tak!\u201d. 2.1) Ved gennemf\u00f8relse af dette k\u00f8b accepterer du, at k\u00f8bet udg\u00f8r et abonnement p\u00e5 medlemskab i \u201dForeningen Atomkraft \u2013 Ja Tak!\u201d, hvilket indeb\u00e6rer, at der i fremtiden automatisk hver &hellip; Handelsbetingelser L\u00e6s mere &raquo;\" \/>\n<meta property=\"og:url\" content=\"http:\/\/www.atomkraft-jatak.dk\/newsiteclone\/handelsbetingelser\/\" \/>\n<meta property=\"og:site_name\" content=\"Foreningen Atomkraft Ja Tak\" \/>\n<meta property=\"article:publisher\" content=\"https:\/\/www.facebook.com\/atomkraftjatak\/\" \/>\n<meta property=\"article:modified_time\" content=\"2021-11-02T23:23:28+00:00\" \/>\n<meta property=\"og:image\" content=\"https:\/\/www.atomkraft-jatak.dk\/newsiteclone\/wp-content\/uploads\/2021\/09\/logo-med-hjemmeside-uden-baggrund.png\" \/>\n\t<meta property=\"og:image:width\" content=\"1452\" \/>\n\t<meta property=\"og:image:height\" content=\"1470\" \/>\n\t<meta property=\"og:image:type\" content=\"image\/png\" \/>\n<meta name=\"twitter:card\" content=\"summary_large_image\" \/>\n<meta name=\"twitter:label1\" content=\"Estimeret l\u00e6setid\" \/>\n\t<meta name=\"twitter:data1\" content=\"2 minutter\" \/>\n<script type=\"application\/ld+json\" class=\"yoast-schema-graph\">{\"@context\":\"https:\/\/schema.org\",\"@graph\":[{\"@type\":\"WebPage\",\"@id\":\"http:\/\/www.atomkraft-jatak.dk\/newsiteclone\/handelsbetingelser\/\",\"url\":\"http:\/\/www.atomkraft-jatak.dk\/newsiteclone\/handelsbetingelser\/\",\"name\":\"Handelsbetingelser - Foreningen Atomkraft Ja Tak\",\"isPartOf\":{\"@id\":\"https:\/\/www.atomkraft-jatak.dk\/newsiteclone\/#website\"},\"datePublished\":\"2020-09-21T23:17:43+00:00\",\"dateModified\":\"2021-11-02T23:23:28+00:00\",\"breadcrumb\":{\"@id\":\"http:\/\/www.atomkraft-jatak.dk\/newsiteclone\/handelsbetingelser\/#breadcrumb\"},\"inLanguage\":\"da-DK\",\"potentialAction\":[{\"@type\":\"ReadAction\",\"target\":[\"http:\/\/www.atomkraft-jatak.dk\/newsiteclone\/handelsbetingelser\/\"]}]},{\"@type\":\"BreadcrumbList\",\"@id\":\"http:\/\/www.atomkraft-jatak.dk\/newsiteclone\/handelsbetingelser\/#breadcrumb\",\"itemListElement\":[{\"@type\":\"ListItem\",\"position\":1,\"name\":\"Home\",\"item\":\"https:\/\/www.atomkraft-jatak.dk\/newsiteclone\/\"},{\"@type\":\"ListItem\",\"position\":2,\"name\":\"Handelsbetingelser\"}]},{\"@type\":\"WebSite\",\"@id\":\"https:\/\/www.atomkraft-jatak.dk\/newsiteclone\/#website\",\"url\":\"https:\/\/www.atomkraft-jatak.dk\/newsiteclone\/\",\"name\":\"Foreningen Atomkraft Ja Tak\",\"description\":\"- Brug hjernen, split kernen\",\"publisher\":{\"@id\":\"https:\/\/www.atomkraft-jatak.dk\/newsiteclone\/#organization\"},\"potentialAction\":[{\"@type\":\"SearchAction\",\"target\":{\"@type\":\"EntryPoint\",\"urlTemplate\":\"https:\/\/www.atomkraft-jatak.dk\/newsiteclone\/?s={search_term_string}\"},\"query-input\":\"required name=search_term_string\"}],\"inLanguage\":\"da-DK\"},{\"@type\":\"Organization\",\"@id\":\"https:\/\/www.atomkraft-jatak.dk\/newsiteclone\/#organization\",\"name\":\"Atomkraft Ja Tak\",\"url\":\"https:\/\/www.atomkraft-jatak.dk\/newsiteclone\/\",\"logo\":{\"@type\":\"ImageObject\",\"inLanguage\":\"da-DK\",\"@id\":\"https:\/\/www.atomkraft-jatak.dk\/newsiteclone\/#\/schema\/logo\/image\/\",\"url\":\"http:\/\/www.atomkraft-jatak.dk\/newsiteclone\/wp-content\/uploads\/2021\/02\/logo-med-hjemmeside.png\",\"contentUrl\":\"http:\/\/www.atomkraft-jatak.dk\/newsiteclone\/wp-content\/uploads\/2021\/02\/logo-med-hjemmeside.png\",\"width\":1452,\"height\":1470,\"caption\":\"Atomkraft Ja Tak\"},\"image\":{\"@id\":\"https:\/\/www.atomkraft-jatak.dk\/newsiteclone\/#\/schema\/logo\/image\/\"},\"sameAs\":[\"https:\/\/www.facebook.com\/atomkraftjatak\/\"]}]}<\/script>\n<!-- \/ Yoast SEO plugin. -->","yoast_head_json":{"title":"Handelsbetingelser - Foreningen Atomkraft Ja Tak","robots":{"index":"index","follow":"follow","max-snippet":"max-snippet:-1","max-image-preview":"max-image-preview:large","max-video-preview":"max-video-preview:-1"},"canonical":"http:\/\/www.atomkraft-jatak.dk\/newsiteclone\/handelsbetingelser\/","og_locale":"da_DK","og_type":"article","og_title":"Handelsbetingelser - Foreningen Atomkraft Ja Tak","og_description":"Handelsbetingelser 1.1) Ved gennemf\u00f8relse af dette k\u00f8b accepterer du, at der bliver trukket DKK 150,00.- fra din konto og overf\u00f8rt til \u201dForeningen Atomkraft \u2013 Ja Tak!\u201d. 2.1) Ved gennemf\u00f8relse af dette k\u00f8b accepterer du, at k\u00f8bet udg\u00f8r et abonnement p\u00e5 medlemskab i \u201dForeningen Atomkraft \u2013 Ja Tak!\u201d, hvilket indeb\u00e6rer, at der i fremtiden automatisk hver &hellip; Handelsbetingelser L\u00e6s mere &raquo;","og_url":"http:\/\/www.atomkraft-jatak.dk\/newsiteclone\/handelsbetingelser\/","og_site_name":"Foreningen Atomkraft Ja Tak","article_publisher":"https:\/\/www.facebook.com\/atomkraftjatak\/","article_modified_time":"2021-11-02T23:23:28+00:00","og_image":[{"width":1452,"height":1470,"url":"https:\/\/www.atomkraft-jatak.dk\/newsiteclone\/wp-content\/uploads\/2021\/09\/logo-med-hjemmeside-uden-baggrund.png","type":"image\/png"}],"twitter_card":"summary_large_image","twitter_misc":{"Estimeret l\u00e6setid":"2 minutter"},"schema":{"@context":"https:\/\/schema.org","@graph":[{"@type":"WebPage","@id":"http:\/\/www.atomkraft-jatak.dk\/newsiteclone\/handelsbetingelser\/","url":"http:\/\/www.atomkraft-jatak.dk\/newsiteclone\/handelsbetingelser\/","name":"Handelsbetingelser - Foreningen Atomkraft Ja Tak","isPartOf":{"@id":"https:\/\/www.atomkraft-jatak.dk\/newsiteclone\/#website"},"datePublished":"2020-09-21T23:17:43+00:00","dateModified":"2021-11-02T23:23:28+00:00","breadcrumb":{"@id":"http:\/\/www.atomkraft-jatak.dk\/newsiteclone\/handelsbetingelser\/#breadcrumb"},"inLanguage":"da-DK","potentialAction":[{"@type":"ReadAction","target":["http:\/\/www.atomkraft-jatak.dk\/newsiteclone\/handelsbetingelser\/"]}]},{"@type":"BreadcrumbList","@id":"http:\/\/www.atomkraft-jatak.dk\/newsiteclone\/handelsbetingelser\/#breadcrumb","itemListElement":[{"@type":"ListItem","position":1,"name":"Home","item":"https:\/\/www.atomkraft-jatak.dk\/newsiteclone\/"},{"@type":"ListItem","position":2,"name":"Handelsbetingelser"}]},{"@type":"WebSite","@id":"https:\/\/www.atomkraft-jatak.dk\/newsiteclone\/#website","url":"https:\/\/www.atomkraft-jatak.dk\/newsiteclone\/","name":"Foreningen Atomkraft Ja Tak","description":"- Brug hjernen, split kernen","publisher":{"@id":"https:\/\/www.atomkraft-jatak.dk\/newsiteclone\/#organization"},"potentialAction":[{"@type":"SearchAction","target":{"@type":"EntryPoint","urlTemplate":"https:\/\/www.atomkraft-jatak.dk\/newsiteclone\/?s={search_term_string}"},"query-input":"required name=search_term_string"}],"inLanguage":"da-DK"},{"@type":"Organization","@id":"https:\/\/www.atomkraft-jatak.dk\/newsiteclone\/#organization","name":"Atomkraft Ja Tak","url":"https:\/\/www.atomkraft-jatak.dk\/newsiteclone\/","logo":{"@type":"ImageObject","inLanguage":"da-DK","@id":"https:\/\/www.atomkraft-jatak.dk\/newsiteclone\/#\/schema\/logo\/image\/","url":"http:\/\/www.atomkraft-jatak.dk\/newsiteclone\/wp-content\/uploads\/2021\/02\/logo-med-hjemmeside.png","contentUrl":"http:\/\/www.atomkraft-jatak.dk\/newsiteclone\/wp-content\/uploads\/2021\/02\/logo-med-hjemmeside.png","width":1452,"height":1470,"caption":"Atomkraft Ja Tak"},"image":{"@id":"https:\/\/www.atomkraft-jatak.dk\/newsiteclone\/#\/schema\/logo\/image\/"},"sameAs":["https:\/\/www.facebook.com\/atomkraftjatak\/"]}]}},"uagb_featured_image_src":{"full":false,"thumbnail":false,"medium":false,"medium_large":false,"large":false,"betterdocs-category-thumb":false,"1536x1536":false,"2048x2048":false,"woocommerce_thumbnail":false,"woocommerce_single":false,"woocommerce_gallery_thumbnail":false},"uagb_author_info":{"display_name":"Fajt","author_link":"https:\/\/www.atomkraft-jatak.dk\/newsiteclone\/author\/cto\/"},"uagb_comment_info":0,"uagb_excerpt":"Handelsbetingelser 1.1) Ved gennemf\u00f8relse af dette k\u00f8b accepterer du, at der bliver trukket DKK 150,00.- fra din konto og overf\u00f8rt til \u201dForeningen Atomkraft \u2013 Ja Tak!\u201d. 2.1) Ved gennemf\u00f8relse af dette k\u00f8b accepterer du, at k\u00f8bet udg\u00f8r et abonnement p\u00e5 medlemskab i \u201dForeningen Atomkraft \u2013 Ja Tak!\u201d, hvilket indeb\u00e6rer, at der i fremtiden automatisk hver&hellip;","_links":{"self":[{"href":"https:\/\/www.atomkraft-jatak.dk\/newsiteclone\/wp-json\/wp\/v2\/pages\/4011"}],"collection":[{"href":"https:\/\/www.atomkraft-jatak.dk\/newsiteclone\/wp-json\/wp\/v2\/pages"}],"about":[{"href":"https:\/\/www.atomkraft-jatak.dk\/newsiteclone\/wp-json\/wp\/v2\/types\/page"}],"author":[{"embeddable":true,"href":"https:\/\/www.atomkraft-jatak.dk\/newsiteclone\/wp-json\/wp\/v2\/users\/2"}],"replies":[{"embeddable":true,"href":"https:\/\/www.atomkraft-jatak.dk\/newsiteclone\/wp-json\/wp\/v2\/comments?post=4011"}],"version-history":[{"count":3,"href":"https:\/\/www.atomkraft-jatak.dk\/newsiteclone\/wp-json\/wp\/v2\/pages\/4011\/revisions"}],"predecessor-version":[{"id":13043,"href":"https:\/\/www.atomkraft-jatak.dk\/newsiteclone\/wp-json\/wp\/v2\/pages\/4011\/revisions\/13043"}],"wp:attachment":[{"href":"https:\/\/www.atomkraft-jatak.dk\/newsiteclone\/wp-json\/wp\/v2\/media?parent=4011"}],"curies":[{"name":"wp","href":"https:\/\/api.w.org\/{rel}","templated":true}]}}